{"id":11366,"date":"2024-03-07T13:39:58","date_gmt":"2024-03-07T12:39:58","guid":{"rendered":"https:\/\/www.promotio.sk\/shop\/nezaraden\u00e9\/celik\/"},"modified":"2024-03-07T13:40:38","modified_gmt":"2024-03-07T12:40:38","slug":"celik","status":"publish","type":"product","link":"https:\/\/www.promotio.sk\/de\/shop\/promo-items\/technology\/chargers\/celik\/","title":{"rendered":"CELIK"},"content":{"rendered":"<p>Stifthalter mit Hauptstruktur aus Bambus und Sockel mit kabelloser Ladefunktion aus Weizenfaser. 15 W Leistung. In den Sockel integrierter USB-Anschluss mit zwei Typ-C- und zwei USB-Ausgangsanschl\u00fcssen. Pr\u00e4sentation in \u00d6kodesign-Box. <br \/>Zusammensetzung: Bambus und Trigofaser.<br \/>Bemerkungen: USB Typ C: DC5V\/2,0A<br \/>\nKabelloses Senden: 5 V \u2013 2 A, 15 W<br \/>\nAusg\u00e4nge USB und Typ C: DC5V\/2.0A (2x USB 1x USB Typ C)<br \/>\nFunktionsabstand: bis zu 6 mm.<br \/>\nPr\u00e4sentation in caja design eco.<\/p>","protected":false},"excerpt":{"rendered":"<p>Pencil holder with main structure in bamboo and base with wireless charger function in wheat fibre. 15W output. USB port<\/p>","protected":false},"featured_media":11367,"comment_status":"open","ping_status":"closed","template":"","meta":[],"product_cat":[289,286],"product_tag":[],"class_list":{"0":"post-11366","1":"product","2":"type-product","3":"status-publish","4":"has-post-thumbnail","6":"product_cat-chargers","7":"product_cat-technology","9":"first","10":"instock","11":"shipping-taxable","12":"purchasable","13":"product-type-variable"},"_links":{"self":[{"href":"https:\/\/www.promotio.sk\/de\/wp-json\/wp\/v2\/product\/11366","targetHints":{"allow":["GET"]}}],"collection":[{"href":"https:\/\/www.promotio.sk\/de\/wp-json\/wp\/v2\/product"}],"about":[{"href":"https:\/\/www.promotio.sk\/de\/wp-json\/wp\/v2\/types\/product"}],"replies":[{"embeddable":true,"href":"https:\/\/www.promotio.sk\/de\/wp-json\/wp\/v2\/comments?post=11366"}],"wp:featuredmedia":[{"embeddable":true,"href":"https:\/\/www.promotio.sk\/de\/wp-json\/wp\/v2\/media\/11367"}],"wp:attachment":[{"href":"https:\/\/www.promotio.sk\/de\/wp-json\/wp\/v2\/media?parent=11366"}],"wp:term":[{"taxonomy":"product_cat","embeddable":true,"href":"https:\/\/www.promotio.sk\/de\/wp-json\/wp\/v2\/product_cat?post=11366"},{"taxonomy":"product_tag","embeddable":true,"href":"https:\/\/www.promotio.sk\/de\/wp-json\/wp\/v2\/product_tag?post=11366"}],"curies":[{"name":"wp","href":"https:\/\/api.w.org\/{rel}","templated":true}]}}