{"id":11349,"date":"2024-03-07T13:39:02","date_gmt":"2024-03-07T12:39:02","guid":{"rendered":"https:\/\/www.promotio.sk\/shop\/nezaraden\u00e9\/matix\/"},"modified":"2024-03-07T13:39:54","modified_gmt":"2024-03-07T12:39:54","slug":"matix","status":"publish","type":"product","link":"https:\/\/www.promotio.sk\/de\/shop\/promo-items\/technology\/chargers\/matix\/","title":{"rendered":"MATIX"},"content":{"rendered":"<p>Kabelloses Ladeger\u00e4t mit Hauptstruktur aus Bambus und Magnetfunktion. 15 W Ladung. Typ C-Eingang. Klebering als Zubeh\u00f6r enthalten. Pr\u00e4sentation in \u00d6kodesign-Box.<br \/>Zusammensetzung: Bambus<br \/>Bemerkungen: Eingang: DC 9V\/1,67 A<br \/>\nWireless-Leistung: 5 W\/7,5 W\/10 W\/15 W (maximal). Pr\u00e4sentation im umweltfreundlichen Design.<\/p>","protected":false},"excerpt":{"rendered":"<p>Wireless charger with main structure in bamboo and magnetic function. 15W charge. Type C input. Adhesive ring accessory included. Presentation<\/p>","protected":false},"featured_media":11350,"comment_status":"open","ping_status":"closed","template":"","meta":[],"product_cat":[289,286],"product_tag":[],"class_list":{"0":"post-11349","1":"product","2":"type-product","3":"status-publish","4":"has-post-thumbnail","6":"product_cat-chargers","7":"product_cat-technology","9":"first","10":"instock","11":"shipping-taxable","12":"purchasable","13":"product-type-variable"},"_links":{"self":[{"href":"https:\/\/www.promotio.sk\/de\/wp-json\/wp\/v2\/product\/11349","targetHints":{"allow":["GET"]}}],"collection":[{"href":"https:\/\/www.promotio.sk\/de\/wp-json\/wp\/v2\/product"}],"about":[{"href":"https:\/\/www.promotio.sk\/de\/wp-json\/wp\/v2\/types\/product"}],"replies":[{"embeddable":true,"href":"https:\/\/www.promotio.sk\/de\/wp-json\/wp\/v2\/comments?post=11349"}],"wp:featuredmedia":[{"embeddable":true,"href":"https:\/\/www.promotio.sk\/de\/wp-json\/wp\/v2\/media\/11350"}],"wp:attachment":[{"href":"https:\/\/www.promotio.sk\/de\/wp-json\/wp\/v2\/media?parent=11349"}],"wp:term":[{"taxonomy":"product_cat","embeddable":true,"href":"https:\/\/www.promotio.sk\/de\/wp-json\/wp\/v2\/product_cat?post=11349"},{"taxonomy":"product_tag","embeddable":true,"href":"https:\/\/www.promotio.sk\/de\/wp-json\/wp\/v2\/product_tag?post=11349"}],"curies":[{"name":"wp","href":"https:\/\/api.w.org\/{rel}","templated":true}]}}