{"id":11347,"date":"2024-03-07T13:38:58","date_gmt":"2024-03-07T12:38:58","guid":{"rendered":"https:\/\/www.promotio.sk\/shop\/nezaraden\u00e9\/zicum\/"},"modified":"2024-03-07T13:39:45","modified_gmt":"2024-03-07T12:39:45","slug":"zicum","status":"publish","type":"product","link":"https:\/\/www.promotio.sk\/de\/shop\/promo-items\/technology\/chargers\/zicum\/","title":{"rendered":"ZICUM"},"content":{"rendered":"<p>Die Halterung mit Bambusk\u00f6rper auf der Oberseite und wei\u00dfem ABS auf der Unterseite ist eine vielseitige und funktionale L\u00f6sung, um Ihr Smartphone aufrecht zu halten, w\u00e4hrend es kabellos aufgeladen wird. Sein Design kombiniert die W\u00e4rme von Bambus mit der Haltbarkeit von ABS und schafft so einen eleganten und modernen Look.<br \/>\nDer St\u00e4nder ist verstellbar, sodass Sie Ihr Smartphone im bequemsten und f\u00fcr Sie passenden Winkel platzieren k\u00f6nnen. Sie k\u00f6nnen Ihre Benachrichtigungen und Videos ansehen oder Videoanrufe t\u00e4tigen, w\u00e4hrend Ihr Ger\u00e4t drahtlos aufgeladen wird.<br \/>\nDas integrierte kabellose Ladeger\u00e4t an der Basis des St\u00e4nders bietet schnelles Laden mit bis zu 15 W, sodass Sie Ihr Smartphone effizient und bequem aufladen k\u00f6nnen. Dar\u00fcber hinaus verf\u00fcgt es \u00fcber einen Typ-C-Anschluss f\u00fcr eine bessere Kompatibilit\u00e4t mit aktuellen Ger\u00e4ten.<br \/>\nDie Unterseite des St\u00e4nders ist mit einer rutschfesten Gummioberfl\u00e4che ausgestattet, die daf\u00fcr sorgt, dass der St\u00e4nder und Ihr Smartphone beim Laden fest an ihrem Platz bleiben. Dies sorgt f\u00fcr ein sicheres und stabiles Erlebnis.<br \/>\nDer kabellose Ladehalter wird in einer \u00d6kodesign-Box geliefert, was das Engagement des Unternehmens f\u00fcr Nachhaltigkeit und Umweltschutz unterstreicht. Es ist die ideale Wahl f\u00fcr alle, die eine praktische und \u00e4sthetische L\u00f6sung suchen, ohne Kompromisse bei Stil und Umweltverantwortung einzugehen.<br \/>Zusammensetzung: Bambus und ABS<br \/>Anmerkungen: Eingangsspannung: DC 5 V\/3 A, 9 V\/2 A, 12 V\/1,5 A<br \/>\nLeistungsst\u00e4rke: 15 W (max.)<br \/>\nG\u00fcltig nur f\u00fcr mobile Ger\u00e4te mit QI-Ladetechnologie.<br \/>\nPr\u00e4sentation in caja design eco.<\/p>","protected":false},"excerpt":{"rendered":"<p>The support with bamboo body on the upper surface and white ABS on the lower body is a versatile and<\/p>","protected":false},"featured_media":11348,"comment_status":"open","ping_status":"closed","template":"","meta":[],"product_cat":[289,286],"product_tag":[],"class_list":{"0":"post-11347","1":"product","2":"type-product","3":"status-publish","4":"has-post-thumbnail","6":"product_cat-chargers","7":"product_cat-technology","9":"first","10":"instock","11":"shipping-taxable","12":"purchasable","13":"product-type-variable"},"_links":{"self":[{"href":"https:\/\/www.promotio.sk\/de\/wp-json\/wp\/v2\/product\/11347","targetHints":{"allow":["GET"]}}],"collection":[{"href":"https:\/\/www.promotio.sk\/de\/wp-json\/wp\/v2\/product"}],"about":[{"href":"https:\/\/www.promotio.sk\/de\/wp-json\/wp\/v2\/types\/product"}],"replies":[{"embeddable":true,"href":"https:\/\/www.promotio.sk\/de\/wp-json\/wp\/v2\/comments?post=11347"}],"wp:featuredmedia":[{"embeddable":true,"href":"https:\/\/www.promotio.sk\/de\/wp-json\/wp\/v2\/media\/11348"}],"wp:attachment":[{"href":"https:\/\/www.promotio.sk\/de\/wp-json\/wp\/v2\/media?parent=11347"}],"wp:term":[{"taxonomy":"product_cat","embeddable":true,"href":"https:\/\/www.promotio.sk\/de\/wp-json\/wp\/v2\/product_cat?post=11347"},{"taxonomy":"product_tag","embeddable":true,"href":"https:\/\/www.promotio.sk\/de\/wp-json\/wp\/v2\/product_tag?post=11347"}],"curies":[{"name":"wp","href":"https:\/\/api.w.org\/{rel}","templated":true}]}}