{"id":11331,"date":"2024-03-07T13:38:11","date_gmt":"2024-03-07T12:38:11","guid":{"rendered":"https:\/\/www.promotio.sk\/shop\/nezaraden\u00e9\/cosmic\/"},"modified":"2024-03-07T13:38:56","modified_gmt":"2024-03-07T12:38:56","slug":"cosmic","status":"publish","type":"product","link":"https:\/\/www.promotio.sk\/de\/shop\/promo-items\/technology\/chargers\/cosmic\/","title":{"rendered":"KOSMISCH"},"content":{"rendered":"<p>Das kabellose Ladeger\u00e4t mit kombiniertem Kork- und Bambusgeh\u00e4use, das in eine Organizer-Ablage integriert ist, ist eine funktionale und nachhaltige Option, um Ihre Ger\u00e4te geladen und Ihren Arbeitsplatz aufger\u00e4umt zu halten. Mit einer Ladeleistung von 10 W ist dieses kabellose Ladeger\u00e4t mit Ger\u00e4ten kompatibel, die die kabellose Technologie unterst\u00fctzen. Das zum Anschluss erforderliche Typ-C-Kabel ist im Lieferumfang enthalten und erleichtert die Verwendung.<br \/>\nDer Kork- und Bambusk\u00f6rper verleiht ihm nicht nur ein nat\u00fcrliches und elegantes Aussehen, sondern zeigt durch die Verwendung nachhaltiger Materialien auch Ihr Engagement f\u00fcr die Umwelt. Das Ladeger\u00e4t wird in einer ECO-Design-Box pr\u00e4sentiert, ganz im Einklang mit seinem Fokus auf Nachhaltigkeit.<br \/>\nDas Ladeger\u00e4t verf\u00fcgt au\u00dferdem \u00fcber eine integrierte Ablage, in der Sie kleine Gegenst\u00e4nde wie Schl\u00fcssel, M\u00fcnzen oder Schmuck ordentlich und griffbereit aufbewahren k\u00f6nnen.<br \/>Zusammensetzung: Bambus und Kork<br \/>Bemerkungen: Eingang: DC 5V\/2A, 9V\/2A<br \/>\nKabelloses Signal: 10 W<br \/>\nPr\u00e4sentation in caja design eco. <\/p>","protected":false},"excerpt":{"rendered":"<p>The wireless charger with combined cork and bamboo body integrated into an organizer tray is a functional and sustainable option<\/p>","protected":false},"featured_media":11332,"comment_status":"open","ping_status":"closed","template":"","meta":[],"product_cat":[289,286],"product_tag":[],"class_list":{"0":"post-11331","1":"product","2":"type-product","3":"status-publish","4":"has-post-thumbnail","6":"product_cat-chargers","7":"product_cat-technology","9":"first","10":"instock","11":"shipping-taxable","12":"purchasable","13":"product-type-variable"},"_links":{"self":[{"href":"https:\/\/www.promotio.sk\/de\/wp-json\/wp\/v2\/product\/11331","targetHints":{"allow":["GET"]}}],"collection":[{"href":"https:\/\/www.promotio.sk\/de\/wp-json\/wp\/v2\/product"}],"about":[{"href":"https:\/\/www.promotio.sk\/de\/wp-json\/wp\/v2\/types\/product"}],"replies":[{"embeddable":true,"href":"https:\/\/www.promotio.sk\/de\/wp-json\/wp\/v2\/comments?post=11331"}],"wp:featuredmedia":[{"embeddable":true,"href":"https:\/\/www.promotio.sk\/de\/wp-json\/wp\/v2\/media\/11332"}],"wp:attachment":[{"href":"https:\/\/www.promotio.sk\/de\/wp-json\/wp\/v2\/media?parent=11331"}],"wp:term":[{"taxonomy":"product_cat","embeddable":true,"href":"https:\/\/www.promotio.sk\/de\/wp-json\/wp\/v2\/product_cat?post=11331"},{"taxonomy":"product_tag","embeddable":true,"href":"https:\/\/www.promotio.sk\/de\/wp-json\/wp\/v2\/product_tag?post=11331"}],"curies":[{"name":"wp","href":"https:\/\/api.w.org\/{rel}","templated":true}]}}