{"id":11329,"date":"2024-03-07T13:38:05","date_gmt":"2024-03-07T12:38:05","guid":{"rendered":"https:\/\/www.promotio.sk\/shop\/nezaraden\u00e9\/furax\/"},"modified":"2024-03-07T13:38:52","modified_gmt":"2024-03-07T12:38:52","slug":"furax","status":"publish","type":"product","link":"https:\/\/www.promotio.sk\/de\/shop\/promo-items\/technology\/chargers\/furax\/","title":{"rendered":"FURAX"},"content":{"rendered":"<p>Das kabellose Ladeger\u00e4t mit kombiniertem Kork- und Bambusgeh\u00e4use ist eine nachhaltige und praktische M\u00f6glichkeit, Ihre Ger\u00e4te kabellos aufzuladen. Dank seines kompakten Designs k\u00f6nnen Sie es \u00fcberallhin mitnehmen, egal ob ins B\u00fcro, zu Hause oder unterwegs.<br \/>\nMit einer Leistung von 10 W k\u00f6nnen Sie Ihre Wireless-f\u00e4higen Ger\u00e4te schnell und kabellos aufladen.<br \/>\nDer Kork- und Bambusk\u00f6rper verleiht ihm nicht nur ein nat\u00fcrliches und attraktives Aussehen, sondern spiegelt auch sein Engagement f\u00fcr die Verwendung nachhaltiger Materialien wider. Kork ist ein umweltfreundliches und erneuerbares Material, w\u00e4hrend Bambus f\u00fcr sein schnelles Wachstum und seinen geringen \u00f6kologischen Fu\u00dfabdruck bekannt ist.<br \/>\nDieses kabellose Ladeger\u00e4t ist mit Ger\u00e4ten kompatibel, die kabelloses Laden unterst\u00fctzen. So k\u00f6nnen Sie Ihr Telefon oder andere kompatible Ger\u00e4te aufladen, indem Sie sie einfach auf die Oberfl\u00e4che des Ladeger\u00e4ts legen. Dar\u00fcber hinaus verf\u00fcgt es \u00fcber ein integriertes Typ-C-Kabel f\u00fcr Ger\u00e4te, die eine physische Verbindung ben\u00f6tigen.<br \/>\nEs wird in einer \u00d6kodesign-Box geliefert, was seinen Fokus auf Nachhaltigkeit weiter unterstreicht und es zu einer hervorragenden Geschenkoption macht.<br \/>Zusammensetzung: Bambus und Kork<br \/>Bemerkungen: Eingang: DC 5V\/2A, 9V\/2A<br \/>\nKabelloses Signal: 10 W<br \/>\nPr\u00e4sentation in caja design eco. <\/p>","protected":false},"excerpt":{"rendered":"<p>The wireless charger with combined cork and bamboo body is a sustainable and practical option to charge your devices wirelessly.<\/p>","protected":false},"featured_media":11330,"comment_status":"open","ping_status":"closed","template":"","meta":[],"product_cat":[289,286],"product_tag":[],"class_list":{"0":"post-11329","1":"product","2":"type-product","3":"status-publish","4":"has-post-thumbnail","6":"product_cat-chargers","7":"product_cat-technology","9":"first","10":"instock","11":"shipping-taxable","12":"purchasable","13":"product-type-variable"},"_links":{"self":[{"href":"https:\/\/www.promotio.sk\/de\/wp-json\/wp\/v2\/product\/11329","targetHints":{"allow":["GET"]}}],"collection":[{"href":"https:\/\/www.promotio.sk\/de\/wp-json\/wp\/v2\/product"}],"about":[{"href":"https:\/\/www.promotio.sk\/de\/wp-json\/wp\/v2\/types\/product"}],"replies":[{"embeddable":true,"href":"https:\/\/www.promotio.sk\/de\/wp-json\/wp\/v2\/comments?post=11329"}],"wp:featuredmedia":[{"embeddable":true,"href":"https:\/\/www.promotio.sk\/de\/wp-json\/wp\/v2\/media\/11330"}],"wp:attachment":[{"href":"https:\/\/www.promotio.sk\/de\/wp-json\/wp\/v2\/media?parent=11329"}],"wp:term":[{"taxonomy":"product_cat","embeddable":true,"href":"https:\/\/www.promotio.sk\/de\/wp-json\/wp\/v2\/product_cat?post=11329"},{"taxonomy":"product_tag","embeddable":true,"href":"https:\/\/www.promotio.sk\/de\/wp-json\/wp\/v2\/product_tag?post=11329"}],"curies":[{"name":"wp","href":"https:\/\/api.w.org\/{rel}","templated":true}]}}