{"id":11308,"date":"2024-03-07T13:36:57","date_gmt":"2024-03-07T12:36:57","guid":{"rendered":"https:\/\/www.promotio.sk\/shop\/nezaraden\u00e9\/dione\/"},"modified":"2024-03-07T13:38:05","modified_gmt":"2024-03-07T12:38:05","slug":"dione","status":"publish","type":"product","link":"https:\/\/www.promotio.sk\/de\/shop\/promo-items\/technology\/usb_flash_drivers\/dione\/","title":{"rendered":"DIONE"},"content":{"rendered":"<p>Das 5-in-1-Ladekabel ist eine vielseitige und praktische L\u00f6sung zum Laden Ihrer Ger\u00e4te. Sein Geh\u00e4use besteht aus einer Kombination aus Weizenstroh-Kunststoff und Bambus, was ihm ein nat\u00fcrliches und nachhaltiges Aussehen verleiht.<\/p>\n<p>Dieses Kabel verf\u00fcgt \u00fcber mehrere Anschl\u00fcsse, darunter einen USB- und Typ-C-Eingang sowie Micro-USB-, Typ-C- und Lightning-Ausg\u00e4nge. Mit dieser Vielfalt an Anschl\u00fcssen k\u00f6nnen Sie Ger\u00e4te mit unterschiedlichen Ladeanschl\u00fcssen aufladen, wie z. B. Smartphones, Tablets, Kopfh\u00f6rer und andere elektronische Ger\u00e4te.<\/p>\n<p>Mit dem 5-in-1-Ladekabel k\u00f6nnen Sie Ihre Ladevorg\u00e4nge vereinfachen, indem Sie mehrere Verbindungen \u00fcber ein einziges Kabel haben. Dar\u00fcber hinaus zeigt das Design aus nat\u00fcrlichen Materialien wie Bambus und Weizenstrohplastik Ihr Engagement f\u00fcr einen umweltfreundlicheren Lebensstil.<br \/>Zusammensetzung: Bamb\u00fa y Fibra de trigo<br \/>Anmerkungen: Pr\u00e4sentation \u00fcber individuelles \u00d6ko-Design.<\/p>","protected":false},"excerpt":{"rendered":"<p>The 5-in-1 charger cable is a versatile and convenient solution for charging your devices. Its body is made of a<\/p>","protected":false},"featured_media":11309,"comment_status":"open","ping_status":"closed","template":"","meta":[],"product_cat":[286,288],"product_tag":[],"class_list":{"0":"post-11308","1":"product","2":"type-product","3":"status-publish","4":"has-post-thumbnail","6":"product_cat-technology","7":"product_cat-usb_flash_drivers","9":"first","10":"instock","11":"shipping-taxable","12":"purchasable","13":"product-type-variable"},"_links":{"self":[{"href":"https:\/\/www.promotio.sk\/de\/wp-json\/wp\/v2\/product\/11308","targetHints":{"allow":["GET"]}}],"collection":[{"href":"https:\/\/www.promotio.sk\/de\/wp-json\/wp\/v2\/product"}],"about":[{"href":"https:\/\/www.promotio.sk\/de\/wp-json\/wp\/v2\/types\/product"}],"replies":[{"embeddable":true,"href":"https:\/\/www.promotio.sk\/de\/wp-json\/wp\/v2\/comments?post=11308"}],"wp:featuredmedia":[{"embeddable":true,"href":"https:\/\/www.promotio.sk\/de\/wp-json\/wp\/v2\/media\/11309"}],"wp:attachment":[{"href":"https:\/\/www.promotio.sk\/de\/wp-json\/wp\/v2\/media?parent=11308"}],"wp:term":[{"taxonomy":"product_cat","embeddable":true,"href":"https:\/\/www.promotio.sk\/de\/wp-json\/wp\/v2\/product_cat?post=11308"},{"taxonomy":"product_tag","embeddable":true,"href":"https:\/\/www.promotio.sk\/de\/wp-json\/wp\/v2\/product_tag?post=11308"}],"curies":[{"name":"wp","href":"https:\/\/api.w.org\/{rel}","templated":true}]}}