{"id":11274,"date":"2024-03-07T13:35:16","date_gmt":"2024-03-07T12:35:16","guid":{"rendered":"https:\/\/www.promotio.sk\/shop\/nezaraden\u00e9\/brian\/"},"modified":"2024-03-07T13:35:57","modified_gmt":"2024-03-07T12:35:57","slug":"brian","status":"publish","type":"product","link":"https:\/\/www.promotio.sk\/de\/shop\/promo-items\/technology\/chargers\/brian\/","title":{"rendered":"BRIAN"},"content":{"rendered":"<p>Das kabellose Ladeger\u00e4t mit kombiniertem Geh\u00e4use aus Bambus und Kork ist eine stilvolle und nachhaltige Option zum kabellosen Laden Ihrer Ger\u00e4te.<br \/>\nMit einer Leistung von 10 W erm\u00f6glicht es schnelles und effizientes Laden ohne st\u00f6rende Kabel. Dieses Ladeger\u00e4t verf\u00fcgt au\u00dferdem \u00fcber einen Smartphone-St\u00e4nder, sodass Sie Ihr Telefon aufrecht hinstellen k\u00f6nnen.<br \/>\nDar\u00fcber hinaus verf\u00fcgt dieses Ladeger\u00e4t \u00fcber einen praktischen, in sein Design integrierten Stifthalter, was es zu einem vielseitigen und n\u00fctzlichen Werkzeug f\u00fcr Ihre t\u00e4glichen Aufgaben macht. Seine Kompatibilit\u00e4t mit Ger\u00e4ten mit drahtloser Technologie gibt Ihnen die Freiheit, eine Vielzahl von Ger\u00e4ten ohne Stecker oder Kabel aufzuladen.<br \/>\nDas Ladeger\u00e4t verf\u00fcgt \u00fcber ein integriertes Typ-C-Kabel f\u00fcr mehr Komfort und Bequemlichkeit. Die Kombination aus Bambus und Kork verleiht ihm ein nat\u00fcrliches und unverwechselbares Aussehen, w\u00e4hrend die Pr\u00e4sentation in einer ECO-Design-Box sein Engagement f\u00fcr Nachhaltigkeit unterstreicht.<br \/>Zusammensetzung: Bambus und Kork<br \/>Bemerkungen: Eingang: DC 5V\/2A, 9V\/2A<br \/>\nAusgang: DC 5V\/1A, 9V\/1.1A<br \/>\nKabelloses Signal: 10 W<br \/>\nPr\u00e4sentation in caja design eco. <\/p>","protected":false},"excerpt":{"rendered":"<p>The Bamboo and Cork Combined Body Wireless Charger is a stylish and sustainable option for wirelessly charging your devices. With<\/p>","protected":false},"featured_media":11275,"comment_status":"open","ping_status":"closed","template":"","meta":[],"product_cat":[289,286],"product_tag":[],"class_list":{"0":"post-11274","1":"product","2":"type-product","3":"status-publish","4":"has-post-thumbnail","6":"product_cat-chargers","7":"product_cat-technology","9":"first","10":"instock","11":"shipping-taxable","12":"purchasable","13":"product-type-variable"},"_links":{"self":[{"href":"https:\/\/www.promotio.sk\/de\/wp-json\/wp\/v2\/product\/11274","targetHints":{"allow":["GET"]}}],"collection":[{"href":"https:\/\/www.promotio.sk\/de\/wp-json\/wp\/v2\/product"}],"about":[{"href":"https:\/\/www.promotio.sk\/de\/wp-json\/wp\/v2\/types\/product"}],"replies":[{"embeddable":true,"href":"https:\/\/www.promotio.sk\/de\/wp-json\/wp\/v2\/comments?post=11274"}],"wp:featuredmedia":[{"embeddable":true,"href":"https:\/\/www.promotio.sk\/de\/wp-json\/wp\/v2\/media\/11275"}],"wp:attachment":[{"href":"https:\/\/www.promotio.sk\/de\/wp-json\/wp\/v2\/media?parent=11274"}],"wp:term":[{"taxonomy":"product_cat","embeddable":true,"href":"https:\/\/www.promotio.sk\/de\/wp-json\/wp\/v2\/product_cat?post=11274"},{"taxonomy":"product_tag","embeddable":true,"href":"https:\/\/www.promotio.sk\/de\/wp-json\/wp\/v2\/product_tag?post=11274"}],"curies":[{"name":"wp","href":"https:\/\/api.w.org\/{rel}","templated":true}]}}