{"id":11261,"date":"2024-03-07T13:34:34","date_gmt":"2024-03-07T12:34:34","guid":{"rendered":"https:\/\/www.promotio.sk\/shop\/nezaraden\u00e9\/remus\/"},"modified":"2024-03-07T13:35:15","modified_gmt":"2024-03-07T12:35:15","slug":"remus","status":"publish","type":"product","link":"https:\/\/www.promotio.sk\/de\/shop\/promo-items\/technology\/chargers\/remus\/","title":{"rendered":"REMUS"},"content":{"rendered":"<p>Das kabellose 10-W-Ladeger\u00e4t mit Geh\u00e4use aus Bambus und ABS ist eine stilvolle und funktionale Option zum bequemen Aufladen Ihres Smartphones. Sein Design kombiniert das nat\u00fcrliche und warme Aussehen von Bambus mit der Haltbarkeit von ABS.<br \/>\nUm Ihr Smartphone aufzuladen, legen Sie es einfach auf das Ladeger\u00e4t und lassen Sie es kabellos aufladen. Sie brauchen kein Kabelgewirr und m\u00fcssen Ihr Telefon auch nicht direkt an das Ladeger\u00e4t anschlie\u00dfen. Sie m\u00fcssen nur sicherstellen, dass Ihr Ger\u00e4t die kabellose Ladetechnologie unterst\u00fctzt.<br \/>\nEine Kontrollleuchte zeigt den Ladestatus an, sodass Sie auf einen Blick sehen k\u00f6nnen, ob Ihr Smartphone richtig geladen wird. Dies erm\u00f6glicht Ihnen ein einfaches und problemloses Aufladen.<br \/>\nDas kabellose Ladeger\u00e4t unterst\u00fctzt eine Vielzahl von Ger\u00e4ten mit kabelloser Technologie, sodass Sie nicht nur Smartphones, sondern auch kabellose Kopfh\u00f6rer oder andere kompatible Ger\u00e4te aufladen k\u00f6nnen.<br \/>\nZus\u00e4tzlich zu seiner Funktionalit\u00e4t wird dieses Ladeger\u00e4t in einer \u00d6kodesign-Box geliefert, was sein Engagement f\u00fcr Nachhaltigkeit und Umweltschutz unterstreicht.<br \/>Zusammensetzung: Bambus und ABS<br \/>Bemerkungen: Pr\u00e4sentation in \u00d6kodesign-Box.<br \/>\nTyp-C-Kabel im Lieferumfang enthalten.<\/p>","protected":false},"excerpt":{"rendered":"<p>The 10W wireless charger with bamboo and ABS body is a stylish and functional option to charge your smartphone conveniently.<\/p>","protected":false},"featured_media":11262,"comment_status":"open","ping_status":"closed","template":"","meta":[],"product_cat":[289,286],"product_tag":[],"class_list":{"0":"post-11261","1":"product","2":"type-product","3":"status-publish","4":"has-post-thumbnail","6":"product_cat-chargers","7":"product_cat-technology","9":"first","10":"instock","11":"shipping-taxable","12":"purchasable","13":"product-type-variable"},"_links":{"self":[{"href":"https:\/\/www.promotio.sk\/de\/wp-json\/wp\/v2\/product\/11261","targetHints":{"allow":["GET"]}}],"collection":[{"href":"https:\/\/www.promotio.sk\/de\/wp-json\/wp\/v2\/product"}],"about":[{"href":"https:\/\/www.promotio.sk\/de\/wp-json\/wp\/v2\/types\/product"}],"replies":[{"embeddable":true,"href":"https:\/\/www.promotio.sk\/de\/wp-json\/wp\/v2\/comments?post=11261"}],"wp:featuredmedia":[{"embeddable":true,"href":"https:\/\/www.promotio.sk\/de\/wp-json\/wp\/v2\/media\/11262"}],"wp:attachment":[{"href":"https:\/\/www.promotio.sk\/de\/wp-json\/wp\/v2\/media?parent=11261"}],"wp:term":[{"taxonomy":"product_cat","embeddable":true,"href":"https:\/\/www.promotio.sk\/de\/wp-json\/wp\/v2\/product_cat?post=11261"},{"taxonomy":"product_tag","embeddable":true,"href":"https:\/\/www.promotio.sk\/de\/wp-json\/wp\/v2\/product_tag?post=11261"}],"curies":[{"name":"wp","href":"https:\/\/api.w.org\/{rel}","templated":true}]}}