{"id":11237,"date":"2024-03-07T13:33:16","date_gmt":"2024-03-07T12:33:16","guid":{"rendered":"https:\/\/www.promotio.sk\/shop\/nezaraden\u00e9\/wudy\/"},"modified":"2024-03-07T13:34:30","modified_gmt":"2024-03-07T12:34:30","slug":"wudy","status":"publish","type":"product","link":"https:\/\/www.promotio.sk\/de\/shop\/promo-items\/technology\/chargers\/wudy\/","title":{"rendered":"WUDY"},"content":{"rendered":"<p>Revolution\u00e4res magnetisches kabelloses 15-W-Ladeger\u00e4t mit einem Geh\u00e4use aus hochwertigem recyceltem Aluminium. Es vereint Funktionalit\u00e4t, Design und Nachhaltigkeit in einem einzigen Ger\u00e4t. Vereinfachen Sie Ihr Leben und leisten Sie einen Beitrag zum Umweltschutz mit unserem magnetischen kabellosen Ladeger\u00e4t aus recyceltem Aluminium.<\/p>\n<p>Dieses Ladeger\u00e4t ist mit Modellen kompatibel, die die drahtlose Ladetechnologie unterst\u00fctzen, und erm\u00f6glicht Ihnen ein einfaches und bequemes kabelloses Ladeerlebnis.<\/p>\n<p>Mit einem Typ-C-Anschluss sorgen wir f\u00fcr eine stabile und schnelle Verbindung, um Ihre Ger\u00e4te effizient aufzuladen. Dar\u00fcber hinaus liefern wir das Kabel f\u00fcr mehr Komfort und Vielseitigkeit mit.<\/p>\n<p>Im Einklang mit unserer umweltfreundlichen Philosophie pr\u00e4sentieren wir dieses Ladeger\u00e4t in einer Box aus umweltfreundlichen Materialien. Wir sind stolz darauf, eine nachhaltige L\u00f6sung f\u00fcr Ihre Ladeanforderungen anbieten zu k\u00f6nnen, indem wir recyceltes Aluminium verwenden und den Einsatz von Kunststoffen reduzieren.<br \/>Zusammensetzung: Recicladiertes Aluminium<br \/>Bemerkungen: Eingangsspannung: DC 9V 1,67A.<br \/>\nEingangsleistung: 15 W.<br \/>\nPr\u00e4sentation in caja design eco. <\/p>","protected":false},"excerpt":{"rendered":"<p>Revolutionary 15W magnetic wireless charger, made with a high-quality recycled aluminium body. It combines functionality, design and sustainability in a<\/p>","protected":false},"featured_media":11238,"comment_status":"open","ping_status":"closed","template":"","meta":[],"product_cat":[289,286],"product_tag":[],"class_list":{"0":"post-11237","1":"product","2":"type-product","3":"status-publish","4":"has-post-thumbnail","6":"product_cat-chargers","7":"product_cat-technology","9":"first","10":"instock","11":"shipping-taxable","12":"purchasable","13":"product-type-variable"},"_links":{"self":[{"href":"https:\/\/www.promotio.sk\/de\/wp-json\/wp\/v2\/product\/11237","targetHints":{"allow":["GET"]}}],"collection":[{"href":"https:\/\/www.promotio.sk\/de\/wp-json\/wp\/v2\/product"}],"about":[{"href":"https:\/\/www.promotio.sk\/de\/wp-json\/wp\/v2\/types\/product"}],"replies":[{"embeddable":true,"href":"https:\/\/www.promotio.sk\/de\/wp-json\/wp\/v2\/comments?post=11237"}],"wp:featuredmedia":[{"embeddable":true,"href":"https:\/\/www.promotio.sk\/de\/wp-json\/wp\/v2\/media\/11238"}],"wp:attachment":[{"href":"https:\/\/www.promotio.sk\/de\/wp-json\/wp\/v2\/media?parent=11237"}],"wp:term":[{"taxonomy":"product_cat","embeddable":true,"href":"https:\/\/www.promotio.sk\/de\/wp-json\/wp\/v2\/product_cat?post=11237"},{"taxonomy":"product_tag","embeddable":true,"href":"https:\/\/www.promotio.sk\/de\/wp-json\/wp\/v2\/product_tag?post=11237"}],"curies":[{"name":"wp","href":"https:\/\/api.w.org\/{rel}","templated":true}]}}