{"id":11235,"date":"2024-03-07T13:33:13","date_gmt":"2024-03-07T12:33:13","guid":{"rendered":"https:\/\/www.promotio.sk\/shop\/nezaraden\u00e9\/luke\/"},"modified":"2024-03-07T13:34:07","modified_gmt":"2024-03-07T12:34:07","slug":"luke","status":"publish","type":"product","link":"https:\/\/www.promotio.sk\/de\/shop\/promo-items\/technology\/chargers\/luke\/","title":{"rendered":"LUKAS"},"content":{"rendered":"<p>Das in eine Ablage integrierte kabellose Ladeger\u00e4t aus Bambus ist eine praktische und \u00e4sthetische L\u00f6sung, um Ihre Ger\u00e4te geladen und Ihren Arbeitsplatz aufger\u00e4umt zu halten. Die Ablage bietet zus\u00e4tzlichen Platz zur Aufbewahrung kleiner Gegenst\u00e4nde wie Stifte, B\u00fcroklammern oder Karten.<br \/>\nDas kabellose Bambus-Ladeger\u00e4t verf\u00fcgt \u00fcber eine Ladeleistung von 10 W, sodass Sie Ihre Ger\u00e4te schnell und effizient aufladen k\u00f6nnen. Legen Sie Ihr kabellos ladef\u00e4higes Smartphone einfach auf den St\u00e4nder und lassen Sie es aufladen, ohne dass st\u00f6rende Kabel erforderlich sind.<br \/>\nDer mitgelieferte Smartphone-St\u00e4nder bietet einen Betrachtungswinkel, aus dem Sie Benachrichtigungen anzeigen, Videoanrufe t\u00e4tigen oder Medieninhalte ohne Unterbrechung ansehen k\u00f6nnen.<br \/>\nDas kabellose Ladeger\u00e4t wird mit einem Typ-C-Kabel geliefert, sodass Sie es ganz einfach an Ihre Stromversorgung anschlie\u00dfen k\u00f6nnen. Sie m\u00fcssen sich keine Gedanken \u00fcber die Suche nach zus\u00e4tzlichen Kabeln machen, da dieses Ladeger\u00e4t Ihnen alles bietet, was Sie f\u00fcr ein problemloses Aufladen ben\u00f6tigen.<br \/>\nDas Produkt wird in einer \u00d6kodesign-Box pr\u00e4sentiert, die seinen nachhaltigen Ansatz und sein Engagement f\u00fcr die Umwelt unterstreicht. Es ist eine ideale Wahl f\u00fcr alle, die nach Produkten suchen, die Funktionalit\u00e4t und Umweltbewusstsein vereinen.<br \/>Zusammensetzung: Bambus<br \/>Anmerkungen: Funktionsabstand: 6 mm \u2013 8 mm<br \/>\nAusgang: 5 V\/1 A MAX (5 W); 7,5 V\/1 A MAX (7,5 W) 9 V\/1,12 A MAX (10 W)<br \/>\nEingang: 5V\/2A 9V\/2A<br \/>\nG\u00fcltig nur f\u00fcr mobile Ger\u00e4te mit QI-Ladetechnologie<br \/>\nPr\u00e4sentation in caja design eco.<\/p>","protected":false},"excerpt":{"rendered":"<p>The wireless bamboo charger integrated into an organizer tray is a practical and aesthetic solution to keep your devices charged<\/p>","protected":false},"featured_media":11236,"comment_status":"open","ping_status":"closed","template":"","meta":[],"product_cat":[289,286],"product_tag":[],"class_list":{"0":"post-11235","1":"product","2":"type-product","3":"status-publish","4":"has-post-thumbnail","6":"product_cat-chargers","7":"product_cat-technology","9":"first","10":"instock","11":"shipping-taxable","12":"purchasable","13":"product-type-variable"},"_links":{"self":[{"href":"https:\/\/www.promotio.sk\/de\/wp-json\/wp\/v2\/product\/11235","targetHints":{"allow":["GET"]}}],"collection":[{"href":"https:\/\/www.promotio.sk\/de\/wp-json\/wp\/v2\/product"}],"about":[{"href":"https:\/\/www.promotio.sk\/de\/wp-json\/wp\/v2\/types\/product"}],"replies":[{"embeddable":true,"href":"https:\/\/www.promotio.sk\/de\/wp-json\/wp\/v2\/comments?post=11235"}],"wp:featuredmedia":[{"embeddable":true,"href":"https:\/\/www.promotio.sk\/de\/wp-json\/wp\/v2\/media\/11236"}],"wp:attachment":[{"href":"https:\/\/www.promotio.sk\/de\/wp-json\/wp\/v2\/media?parent=11235"}],"wp:term":[{"taxonomy":"product_cat","embeddable":true,"href":"https:\/\/www.promotio.sk\/de\/wp-json\/wp\/v2\/product_cat?post=11235"},{"taxonomy":"product_tag","embeddable":true,"href":"https:\/\/www.promotio.sk\/de\/wp-json\/wp\/v2\/product_tag?post=11235"}],"curies":[{"name":"wp","href":"https:\/\/api.w.org\/{rel}","templated":true}]}}