{"id":11225,"date":"2024-03-07T13:32:40","date_gmt":"2024-03-07T12:32:40","guid":{"rendered":"https:\/\/www.promotio.sk\/shop\/nezaraden\u00e9\/deniz\/"},"modified":"2024-03-07T13:33:11","modified_gmt":"2024-03-07T12:33:11","slug":"deniz","status":"publish","type":"product","link":"https:\/\/www.promotio.sk\/de\/shop\/promo-items\/technology\/chargers\/deniz\/","title":{"rendered":"DENIZ"},"content":{"rendered":"<p>Der Autotelefonhalter mit Magnetfunktion f\u00fcr Smartphones und kabelloses Ladeger\u00e4t ist eine komplette und vielseitige L\u00f6sung f\u00fcr Ihre Bed\u00fcrfnisse im Auto. Dieser St\u00e4nder ist aus Bambus und Weizenfasern gefertigt, nachhaltigen Materialien, die ihm eine nat\u00fcrliche und \u00f6kologische Note verleihen.<\/p>\n<p>Dieser St\u00e4nder h\u00e4lt Ihr Smartphone nicht nur w\u00e4hrend der Fahrt an Ort und Stelle, sondern verf\u00fcgt auch \u00fcber eine kabellose Ladefunktion, mit der Sie Ihr Ger\u00e4t unterwegs bequem aufladen k\u00f6nnen. Kompatibel mit Ger\u00e4ten mit kabelloser Ladetechnologie.<\/p>\n<p>Der Auto-Telefonhalter verf\u00fcgt au\u00dferdem \u00fcber einen Notfall-Glasbrecherhammer und einen Gurtschneider und ist somit ein zus\u00e4tzliches Sicherheitszubeh\u00f6r f\u00fcr unvorhergesehene Situationen.<\/p>\n<p>Im Lieferumfang sind ein Typ-C-Kabel und ein Metallring f\u00fcr eine einfache Installation und Verbindung enthalten. Der St\u00e4nder wird in einer \u00d6kodesign-Box pr\u00e4sentiert, was sein Engagement f\u00fcr Nachhaltigkeit unterstreicht. Mit dem magnetischen Autotelefonhalter und dem kabellosen Ladeger\u00e4t k\u00f6nnen Sie Ihr Smartphone sicher aufbewahren und unterwegs aufladen, w\u00e4hrend Sie gleichzeitig die Umwelt schonen. Dar\u00fcber hinaus sorgen zus\u00e4tzliche Sicherheitstools daf\u00fcr, dass Sie in unerwarteten Situationen beruhigt sein k\u00f6nnen.<br \/>Zusammensetzung: Bambus und Trigofaser<br \/>Bemerkungen: Eingangsspannung: DC 5V\/2A, 9V\/2A, 12V\/1,5A<br \/>\nStromversorgung: DC 5 V\/1 A, 9 V\/1,1 A, 9 V\/1,67 A<br \/>\nLeistungsst\u00e4rke: 15 W (max.)<br \/>\nG\u00fcltig nur f\u00fcr mobile Ger\u00e4te mit QI-Ladetechnologie.<br \/>\nPr\u00e4sentation caja design eco.<\/p>","protected":false},"excerpt":{"rendered":"<p>The Car Phone Holder Stand with Magnetic Function for Smartphone and Wireless Charger is a complete and versatile solution for<\/p>","protected":false},"featured_media":11226,"comment_status":"open","ping_status":"closed","template":"","meta":[],"product_cat":[289,286],"product_tag":[],"class_list":{"0":"post-11225","1":"product","2":"type-product","3":"status-publish","4":"has-post-thumbnail","6":"product_cat-chargers","7":"product_cat-technology","9":"first","10":"instock","11":"shipping-taxable","12":"purchasable","13":"product-type-variable"},"_links":{"self":[{"href":"https:\/\/www.promotio.sk\/de\/wp-json\/wp\/v2\/product\/11225","targetHints":{"allow":["GET"]}}],"collection":[{"href":"https:\/\/www.promotio.sk\/de\/wp-json\/wp\/v2\/product"}],"about":[{"href":"https:\/\/www.promotio.sk\/de\/wp-json\/wp\/v2\/types\/product"}],"replies":[{"embeddable":true,"href":"https:\/\/www.promotio.sk\/de\/wp-json\/wp\/v2\/comments?post=11225"}],"wp:featuredmedia":[{"embeddable":true,"href":"https:\/\/www.promotio.sk\/de\/wp-json\/wp\/v2\/media\/11226"}],"wp:attachment":[{"href":"https:\/\/www.promotio.sk\/de\/wp-json\/wp\/v2\/media?parent=11225"}],"wp:term":[{"taxonomy":"product_cat","embeddable":true,"href":"https:\/\/www.promotio.sk\/de\/wp-json\/wp\/v2\/product_cat?post=11225"},{"taxonomy":"product_tag","embeddable":true,"href":"https:\/\/www.promotio.sk\/de\/wp-json\/wp\/v2\/product_tag?post=11225"}],"curies":[{"name":"wp","href":"https:\/\/api.w.org\/{rel}","templated":true}]}}