{"id":11209,"date":"2024-03-07T13:31:55","date_gmt":"2024-03-07T12:31:55","guid":{"rendered":"https:\/\/www.promotio.sk\/shop\/nezaraden\u00e9\/kruse\/"},"modified":"2024-03-07T13:32:34","modified_gmt":"2024-03-07T12:32:34","slug":"kruse","status":"publish","type":"product","link":"https:\/\/www.promotio.sk\/de\/shop\/promo-items\/technology\/usb_flash_drivers\/kruse\/","title":{"rendered":"KRUSE"},"content":{"rendered":"<p>Der USB-Anschluss mit St\u00e4nder aus Bambus ist eine stilvolle und funktionale L\u00f6sung zum Aufladen Ihrer elektronischen Ger\u00e4te. Dieser Anschluss verf\u00fcgt \u00fcber einen USB- und Typ-C-Eingangsanschluss, sodass Sie eine Vielzahl von Ger\u00e4ten aufladen k\u00f6nnen, von Smartphones bis hin zu Tablets und mehr.<\/p>\n<p>Dank der integrierten USB-Anschlussunterst\u00fctzung k\u00f6nnen Sie Ihr Ger\u00e4t w\u00e4hrend des Ladevorgangs sicher positionieren, was f\u00fcr Komfort sorgt und verhindert, dass es verrutscht oder herunterf\u00e4llt.<\/p>\n<p> Sein nat\u00fcrliches Design und seine umweltfreundliche Aufmachung machen diesen USB-Anschluss zur idealen Wahl f\u00fcr alle, die einen nachhaltigeren Lebensstil anstreben.<br \/>Zusammensetzung: Bambus und Trigofaser<br \/>Anmerkungen: Bambus-USB-Anschluss mit 2 USB-2.0-Hubs (2 USB-A- und 2 USB-C-Anschl\u00fcsse).<br \/>\nKompatibel mit USB 1.1- und 2.0-Ger\u00e4ten. Eingang: 5 V. Ausgang: 5 V, 500 mA.<br \/>\nPr\u00e4sentation \u00fcber individuelles \u00d6ko-Design.<\/p>","protected":false},"excerpt":{"rendered":"<p>The USB port with a stand made of bamboo is a stylish and functional solution for charging your electronic devices.<\/p>","protected":false},"featured_media":11210,"comment_status":"open","ping_status":"closed","template":"","meta":[],"product_cat":[286,288],"product_tag":[],"class_list":{"0":"post-11209","1":"product","2":"type-product","3":"status-publish","4":"has-post-thumbnail","6":"product_cat-technology","7":"product_cat-usb_flash_drivers","9":"first","10":"instock","11":"shipping-taxable","12":"purchasable","13":"product-type-variable"},"_links":{"self":[{"href":"https:\/\/www.promotio.sk\/de\/wp-json\/wp\/v2\/product\/11209","targetHints":{"allow":["GET"]}}],"collection":[{"href":"https:\/\/www.promotio.sk\/de\/wp-json\/wp\/v2\/product"}],"about":[{"href":"https:\/\/www.promotio.sk\/de\/wp-json\/wp\/v2\/types\/product"}],"replies":[{"embeddable":true,"href":"https:\/\/www.promotio.sk\/de\/wp-json\/wp\/v2\/comments?post=11209"}],"wp:featuredmedia":[{"embeddable":true,"href":"https:\/\/www.promotio.sk\/de\/wp-json\/wp\/v2\/media\/11210"}],"wp:attachment":[{"href":"https:\/\/www.promotio.sk\/de\/wp-json\/wp\/v2\/media?parent=11209"}],"wp:term":[{"taxonomy":"product_cat","embeddable":true,"href":"https:\/\/www.promotio.sk\/de\/wp-json\/wp\/v2\/product_cat?post=11209"},{"taxonomy":"product_tag","embeddable":true,"href":"https:\/\/www.promotio.sk\/de\/wp-json\/wp\/v2\/product_tag?post=11209"}],"curies":[{"name":"wp","href":"https:\/\/api.w.org\/{rel}","templated":true}]}}