{"id":11162,"date":"2024-03-07T13:29:35","date_gmt":"2024-03-07T12:29:35","guid":{"rendered":"https:\/\/www.promotio.sk\/shop\/nezaraden\u00e9\/nervo\/"},"modified":"2024-03-07T13:30:24","modified_gmt":"2024-03-07T12:30:24","slug":"nervo","status":"publish","type":"product","link":"https:\/\/www.promotio.sk\/de\/shop\/promo-items\/technology\/sound\/nervo\/","title":{"rendered":"NERVO"},"content":{"rendered":"<p>Kabelloser Bluetooth-Lautsprecher mit Bambusgeh\u00e4use. Mit FM-Radiofunktion, Freisprechfunktion und Micro-SD-Kartensteckplatz. Dieser Lautsprecher hat eine Leistung von 3 W und einen wiederaufladbaren Akku. Inklusive Kabel und Lieferung in einer \u00d6kodesign-Box.<br \/>Zusammensetzung: Nat\u00fcrlicher Bambus.<br \/>Bemerkungen: Bluetooth Version 2.1 + EDR<br \/>\nLadespannung: DC 5 V.<br \/>\nWiederaufladbare Lithiumbatterie.<br \/>\nReichweite: bis zu 10 Meter. Frequenz: 280 Hz \u2013 16 kHz.<br \/>\nEmpfindlichkeit: 95 dB \u00b1 2 dB.<br \/>\nAusgang: 4 \u03a9, 3 W.<br \/>\n3,5-mm-Audiokabel im Lieferumfang enthalten, mit USB- und Micro-USB-Anschluss.<br \/>\nBedienungsanleitung in 4 Sprachen verf\u00fcgbar: Spanisch, Englisch, Franz\u00f6sisch und Italienisch. Pr\u00e4sentation in einer \u00d6kodesign-Box.<\/p>","protected":false},"excerpt":{"rendered":"<p>Bluetooth Wireless Speaker with Bamboo Body. Made with FM radio function, hands-free, Micro SD card slot. This speaker has a<\/p>","protected":false},"featured_media":11163,"comment_status":"open","ping_status":"closed","template":"","meta":[],"product_cat":[290,286],"product_tag":[],"class_list":{"0":"post-11162","1":"product","2":"type-product","3":"status-publish","4":"has-post-thumbnail","6":"product_cat-sound","7":"product_cat-technology","9":"first","10":"instock","11":"shipping-taxable","12":"purchasable","13":"product-type-variable"},"_links":{"self":[{"href":"https:\/\/www.promotio.sk\/de\/wp-json\/wp\/v2\/product\/11162","targetHints":{"allow":["GET"]}}],"collection":[{"href":"https:\/\/www.promotio.sk\/de\/wp-json\/wp\/v2\/product"}],"about":[{"href":"https:\/\/www.promotio.sk\/de\/wp-json\/wp\/v2\/types\/product"}],"replies":[{"embeddable":true,"href":"https:\/\/www.promotio.sk\/de\/wp-json\/wp\/v2\/comments?post=11162"}],"wp:featuredmedia":[{"embeddable":true,"href":"https:\/\/www.promotio.sk\/de\/wp-json\/wp\/v2\/media\/11163"}],"wp:attachment":[{"href":"https:\/\/www.promotio.sk\/de\/wp-json\/wp\/v2\/media?parent=11162"}],"wp:term":[{"taxonomy":"product_cat","embeddable":true,"href":"https:\/\/www.promotio.sk\/de\/wp-json\/wp\/v2\/product_cat?post=11162"},{"taxonomy":"product_tag","embeddable":true,"href":"https:\/\/www.promotio.sk\/de\/wp-json\/wp\/v2\/product_tag?post=11162"}],"curies":[{"name":"wp","href":"https:\/\/api.w.org\/{rel}","templated":true}]}}