{"id":11133,"date":"2024-03-07T13:28:02","date_gmt":"2024-03-07T12:28:02","guid":{"rendered":"https:\/\/www.promotio.sk\/shop\/nezaraden\u00e9\/heldens\/"},"modified":"2024-03-07T13:28:46","modified_gmt":"2024-03-07T12:28:46","slug":"heldens","status":"publish","type":"product","link":"https:\/\/www.promotio.sk\/de\/shop\/promo-items\/technology\/sound\/heldens\/","title":{"rendered":"HELDENS"},"content":{"rendered":"<p>Bluetooth-Lautsprecher mit rechteckigem Betonk\u00f6rper und Bambusoberfl\u00e4che. Er hat 5 W Leistung, ein 5 W kabelloses Ladeger\u00e4t und einen wiederaufladbaren Li-Ion-Akku mit 1200 mAh Kapazit\u00e4t.<br \/>\n<br \/>Zusammensetzung: Zement und Bambus.<br \/>Bemerkungen: Bluetooth Version 5.0<br \/>\nLadespannung: 5V<br \/>\n600 mAh Lithiumbatterie, 3,7 V<br \/>\nLaufzeit: 3 \u2013 4h<br \/>\nReichweite: Bis zu 10 Meter<br \/>\nFrequenz: 280 Hz \u2013 16 kHz<br \/>\nImpedanz: 4 Ohm<br \/>\nLeistung: 5W<br \/>\nTHD: weniger als 10%<br \/>\nSNR: &gt;65dB<br \/>\nLeistung des kabellosen Ladeger\u00e4ts: 5 W<br \/>\nBedienungsanleitung in 4 Sprachen verf\u00fcgbar: Spanisch, Englisch, Franz\u00f6sisch und Italienisch.<br \/>\nPr\u00e4sentation in \u00d6kodesign-Box. <\/p>","protected":false},"excerpt":{"rendered":"<p>Bluetooth speaker with rectangular concrete body and bamboo surface. It has 5W of power, a 5W wireless charger and a<\/p>","protected":false},"featured_media":11134,"comment_status":"open","ping_status":"closed","template":"","meta":[],"product_cat":[290,286],"product_tag":[],"class_list":{"0":"post-11133","1":"product","2":"type-product","3":"status-publish","4":"has-post-thumbnail","6":"product_cat-sound","7":"product_cat-technology","9":"first","10":"instock","11":"shipping-taxable","12":"purchasable","13":"product-type-variable"},"_links":{"self":[{"href":"https:\/\/www.promotio.sk\/de\/wp-json\/wp\/v2\/product\/11133","targetHints":{"allow":["GET"]}}],"collection":[{"href":"https:\/\/www.promotio.sk\/de\/wp-json\/wp\/v2\/product"}],"about":[{"href":"https:\/\/www.promotio.sk\/de\/wp-json\/wp\/v2\/types\/product"}],"replies":[{"embeddable":true,"href":"https:\/\/www.promotio.sk\/de\/wp-json\/wp\/v2\/comments?post=11133"}],"wp:featuredmedia":[{"embeddable":true,"href":"https:\/\/www.promotio.sk\/de\/wp-json\/wp\/v2\/media\/11134"}],"wp:attachment":[{"href":"https:\/\/www.promotio.sk\/de\/wp-json\/wp\/v2\/media?parent=11133"}],"wp:term":[{"taxonomy":"product_cat","embeddable":true,"href":"https:\/\/www.promotio.sk\/de\/wp-json\/wp\/v2\/product_cat?post=11133"},{"taxonomy":"product_tag","embeddable":true,"href":"https:\/\/www.promotio.sk\/de\/wp-json\/wp\/v2\/product_tag?post=11133"}],"curies":[{"name":"wp","href":"https:\/\/api.w.org\/{rel}","templated":true}]}}