{"id":11117,"date":"2024-03-07T13:27:07","date_gmt":"2024-03-07T12:27:07","guid":{"rendered":"https:\/\/www.promotio.sk\/shop\/nezaraden\u00e9\/hardwell\/"},"modified":"2024-03-07T13:27:48","modified_gmt":"2024-03-07T12:27:48","slug":"hardwell","status":"publish","type":"product","link":"https:\/\/www.promotio.sk\/de\/shop\/promo-items\/technology\/sound\/hardwell\/","title":{"rendered":"HARDWELL"},"content":{"rendered":"<p>Runder kabelloser Lautsprecher mit Geh\u00e4use aus wei\u00dfem ABS und Bambus. Tasten und Gitter in Wei\u00df. Dieser Lautsprecher verf\u00fcgt \u00fcber FM-Radiofunktion, Freisprecheinrichtung, Micro-SD-Kartensteckplatz und 3 W Leistung. Hergestellt mit rutschfester Basis und wiederaufladbarem Akku. Kabel enthalten. <br \/>Zusammensetzung: Bambus<br \/>Bemerkungen: Bluetooth Version 5.0<br \/>\nLadespannung: 5V<br \/>\n300 mAh Lithiumbatterie, 3,7 V<br \/>\nLaufzeit: 3 \u2013 4h<br \/>\nReichweite: Bis zu 10 Meter<br \/>\nFrequenz: 280 Hz \u2013 16 kHz<br \/>\nImpedanz: 4 Ohm<br \/>\nLeistung: 3W<br \/>\nTHD: weniger als 10%<br \/>\nSNR: &gt;65dB<br \/>\nUnterst\u00fctzt Micro-SD-Karten bis zu 64 GB<br \/>\nBedienungsanleitung in 6 Sprachen verf\u00fcgbar: Spanisch, Englisch, Franz\u00f6sisch, Italienisch, Portugiesisch und Deutsch.<br \/>\nPr\u00e4sentation in \u00d6kodesign-Box.<\/p>","protected":false},"excerpt":{"rendered":"<p>Round wireless speaker with white ABS and bamboo body. Buttons and grid in white. This speaker has FM radio function,<\/p>","protected":false},"featured_media":11118,"comment_status":"open","ping_status":"closed","template":"","meta":[],"product_cat":[290,286],"product_tag":[],"class_list":{"0":"post-11117","1":"product","2":"type-product","3":"status-publish","4":"has-post-thumbnail","6":"product_cat-sound","7":"product_cat-technology","9":"first","10":"instock","11":"shipping-taxable","12":"purchasable","13":"product-type-variable"},"_links":{"self":[{"href":"https:\/\/www.promotio.sk\/de\/wp-json\/wp\/v2\/product\/11117","targetHints":{"allow":["GET"]}}],"collection":[{"href":"https:\/\/www.promotio.sk\/de\/wp-json\/wp\/v2\/product"}],"about":[{"href":"https:\/\/www.promotio.sk\/de\/wp-json\/wp\/v2\/types\/product"}],"replies":[{"embeddable":true,"href":"https:\/\/www.promotio.sk\/de\/wp-json\/wp\/v2\/comments?post=11117"}],"wp:featuredmedia":[{"embeddable":true,"href":"https:\/\/www.promotio.sk\/de\/wp-json\/wp\/v2\/media\/11118"}],"wp:attachment":[{"href":"https:\/\/www.promotio.sk\/de\/wp-json\/wp\/v2\/media?parent=11117"}],"wp:term":[{"taxonomy":"product_cat","embeddable":true,"href":"https:\/\/www.promotio.sk\/de\/wp-json\/wp\/v2\/product_cat?post=11117"},{"taxonomy":"product_tag","embeddable":true,"href":"https:\/\/www.promotio.sk\/de\/wp-json\/wp\/v2\/product_tag?post=11117"}],"curies":[{"name":"wp","href":"https:\/\/api.w.org\/{rel}","templated":true}]}}