{"id":11058,"date":"2024-03-07T13:23:22","date_gmt":"2024-03-07T12:23:22","guid":{"rendered":"https:\/\/www.promotio.sk\/shop\/nezaraden\u00e9\/calvin\/"},"modified":"2024-03-07T13:24:51","modified_gmt":"2024-03-07T12:24:51","slug":"calvin","status":"publish","type":"product","link":"https:\/\/www.promotio.sk\/de\/shop\/promo-items\/technology\/sound\/calvin\/","title":{"rendered":"CALVIN"},"content":{"rendered":"<p>Kabelloser Lautsprecher mit ABS-Geh\u00e4use, spritzwassergesch\u00fctzt. Dank der Saugnapfbefestigung k\u00f6nnen Sie Ihre Lieblingsmusik \u00fcberall h\u00f6ren. Er verf\u00fcgt \u00fcber eine Freisprechfunktion und hat eine Leistung von 3 W. Wiederaufladbarer Akku \u00fcber Micro-USB-Kabel. Kabel im Lieferumfang enthalten. <br \/>Zusammensetzung: ABS-K\u00f6rper.<br \/>Bemerkungen: Bluetooth Version 3.0<br \/>\nLadespannung: DC 5 V.<br \/>\nWiederaufladbare Lithiumbatterie.<br \/>\nReichweite: bis zu 10 Meter. Frequenz: 150 Hz \u2013 20 kHz.<br \/>\nEmpfindlichkeit: 90 dB \u00b1 2 dB.<br \/>\nUSB-Ladekabel im Lieferumfang enthalten<br \/>\nBedienungsanleitung in zwei Sprachen verf\u00fcgbar: Spanisch und Englisch.<br \/>\nPr\u00e4sentation in Designerbox.<\/p>","protected":false},"excerpt":{"rendered":"<p>Wireless speaker with ABS body, resistant to splashing water. You can listen to your favorite music anywhere thanks to its<\/p>","protected":false},"featured_media":11059,"comment_status":"open","ping_status":"closed","template":"","meta":[],"product_cat":[290,286],"product_tag":[],"class_list":{"0":"post-11058","1":"product","2":"type-product","3":"status-publish","4":"has-post-thumbnail","6":"product_cat-sound","7":"product_cat-technology","9":"first","10":"instock","11":"shipping-taxable","12":"purchasable","13":"product-type-variable"},"_links":{"self":[{"href":"https:\/\/www.promotio.sk\/de\/wp-json\/wp\/v2\/product\/11058","targetHints":{"allow":["GET"]}}],"collection":[{"href":"https:\/\/www.promotio.sk\/de\/wp-json\/wp\/v2\/product"}],"about":[{"href":"https:\/\/www.promotio.sk\/de\/wp-json\/wp\/v2\/types\/product"}],"replies":[{"embeddable":true,"href":"https:\/\/www.promotio.sk\/de\/wp-json\/wp\/v2\/comments?post=11058"}],"wp:featuredmedia":[{"embeddable":true,"href":"https:\/\/www.promotio.sk\/de\/wp-json\/wp\/v2\/media\/11059"}],"wp:attachment":[{"href":"https:\/\/www.promotio.sk\/de\/wp-json\/wp\/v2\/media?parent=11058"}],"wp:term":[{"taxonomy":"product_cat","embeddable":true,"href":"https:\/\/www.promotio.sk\/de\/wp-json\/wp\/v2\/product_cat?post=11058"},{"taxonomy":"product_tag","embeddable":true,"href":"https:\/\/www.promotio.sk\/de\/wp-json\/wp\/v2\/product_tag?post=11058"}],"curies":[{"name":"wp","href":"https:\/\/api.w.org\/{rel}","templated":true}]}}