{"id":11056,"date":"2024-03-07T13:23:20","date_gmt":"2024-03-07T12:23:20","guid":{"rendered":"https:\/\/www.promotio.sk\/shop\/nezaraden\u00e9\/garrix\/"},"modified":"2024-03-07T13:25:24","modified_gmt":"2024-03-07T12:25:24","slug":"garrix","status":"publish","type":"product","link":"https:\/\/www.promotio.sk\/de\/shop\/promo-items\/technology\/sound\/garrix\/","title":{"rendered":"GARRIX"},"content":{"rendered":"<p>Kabelloser Lautsprecher mit Metallgeh\u00e4use in matter Ausf\u00fchrung. Mit diesem Lautsprecher k\u00f6nnen Sie Ihre Musik \u00fcber Bluetooth 3.0 h\u00f6ren, mit der FM-Radiofunktion Ihren gew\u00fcnschten Radiosender h\u00f6ren und mit der Freisprechfunktion auf Ihrem Mobiltelefon telefonieren. Er hat eine Leistung von 3 W und einen wiederaufladbaren Akku. Kabel im Lieferumfang enthalten. <br \/>Zusammensetzung: Metallk\u00f6rper.<br \/>Bemerkungen: Bluetooth Version 2.1 + EDR.<br \/>\nAufladespannung: DC 5V<br \/>\nWiederaufladbare Lithiumbatterie.<br \/>\nReichweite: bis zu 10 Meter. Frequenz: 280 Hz \u2013 16 kHz.<br \/>\nEmpfindlichkeit: 95 dB \u00b1 2 dB.<br \/>\nAusgang: 4 \u03a9, 3 W.<br \/>\n3,5-mm-Audiokabel im Lieferumfang enthalten. Mit USB- und Micro-USB-Anschluss.<br \/>\nBedienungsanleitung in 4 Sprachen verf\u00fcgbar: Spanisch, Englisch, Franz\u00f6sisch und Italienisch. Pr\u00e4sentation in Designerbox.<\/p>","protected":false},"excerpt":{"rendered":"<p>Wireless speaker made with metal body in matte finish. With this speaker, you can listen to your music with bluetooth<\/p>","protected":false},"featured_media":11057,"comment_status":"open","ping_status":"closed","template":"","meta":[],"product_cat":[290,286],"product_tag":[],"class_list":{"0":"post-11056","1":"product","2":"type-product","3":"status-publish","4":"has-post-thumbnail","6":"product_cat-sound","7":"product_cat-technology","9":"first","10":"instock","11":"shipping-taxable","12":"purchasable","13":"product-type-variable"},"_links":{"self":[{"href":"https:\/\/www.promotio.sk\/de\/wp-json\/wp\/v2\/product\/11056","targetHints":{"allow":["GET"]}}],"collection":[{"href":"https:\/\/www.promotio.sk\/de\/wp-json\/wp\/v2\/product"}],"about":[{"href":"https:\/\/www.promotio.sk\/de\/wp-json\/wp\/v2\/types\/product"}],"replies":[{"embeddable":true,"href":"https:\/\/www.promotio.sk\/de\/wp-json\/wp\/v2\/comments?post=11056"}],"wp:featuredmedia":[{"embeddable":true,"href":"https:\/\/www.promotio.sk\/de\/wp-json\/wp\/v2\/media\/11057"}],"wp:attachment":[{"href":"https:\/\/www.promotio.sk\/de\/wp-json\/wp\/v2\/media?parent=11056"}],"wp:term":[{"taxonomy":"product_cat","embeddable":true,"href":"https:\/\/www.promotio.sk\/de\/wp-json\/wp\/v2\/product_cat?post=11056"},{"taxonomy":"product_tag","embeddable":true,"href":"https:\/\/www.promotio.sk\/de\/wp-json\/wp\/v2\/product_tag?post=11056"}],"curies":[{"name":"wp","href":"https:\/\/api.w.org\/{rel}","templated":true}]}}