{"id":11034,"date":"2024-03-07T13:21:58","date_gmt":"2024-03-07T12:21:58","guid":{"rendered":"https:\/\/www.promotio.sk\/shop\/nezaraden\u00e9\/solum\/"},"modified":"2024-03-07T13:22:34","modified_gmt":"2024-03-07T12:22:34","slug":"solum","status":"publish","type":"product","link":"https:\/\/www.promotio.sk\/de\/shop\/promo-items\/technology\/sound\/solum\/","title":{"rendered":"SOLUM"},"content":{"rendered":"<p>Fantastischer kabelloser Werbelautsprecher, mit dem Sie \u00fcberall Musik h\u00f6ren k\u00f6nnen. Geh\u00e4use aus Bambus. Inklusive stylischem Tragegriff. Leistung: 3 W. Wiederaufladbarer Akku. Kabel inklusive. <br \/>Zusammensetzung: Bambus<br \/>Bemerkungen: Pr\u00e4sentation in \u00d6kodesign-Box. Wireless-Verbindung 5.0.<br \/>\nLautsprecherleistung 1 x 3 W.<br \/>\nWiederaufladbarer 300 mAh Lithium-Akku.<br \/>\nInklusive USB-Ladekabel.<br \/>\nBedienungsanleitung in 6 Sprachen: Spanisch, Englisch, Franz\u00f6sisch, Italienisch, Deutsch und Portugiesisch. <\/p>","protected":false},"excerpt":{"rendered":"<p>Fantastic promotional wireless speaker to listen to music wherever you want. Body made of bamboo. Includes stylish carry handle. Power<\/p>","protected":false},"featured_media":11035,"comment_status":"open","ping_status":"closed","template":"","meta":[],"product_cat":[290,286],"product_tag":[],"class_list":{"0":"post-11034","1":"product","2":"type-product","3":"status-publish","4":"has-post-thumbnail","6":"product_cat-sound","7":"product_cat-technology","9":"first","10":"instock","11":"shipping-taxable","12":"purchasable","13":"product-type-variable"},"_links":{"self":[{"href":"https:\/\/www.promotio.sk\/de\/wp-json\/wp\/v2\/product\/11034","targetHints":{"allow":["GET"]}}],"collection":[{"href":"https:\/\/www.promotio.sk\/de\/wp-json\/wp\/v2\/product"}],"about":[{"href":"https:\/\/www.promotio.sk\/de\/wp-json\/wp\/v2\/types\/product"}],"replies":[{"embeddable":true,"href":"https:\/\/www.promotio.sk\/de\/wp-json\/wp\/v2\/comments?post=11034"}],"wp:featuredmedia":[{"embeddable":true,"href":"https:\/\/www.promotio.sk\/de\/wp-json\/wp\/v2\/media\/11035"}],"wp:attachment":[{"href":"https:\/\/www.promotio.sk\/de\/wp-json\/wp\/v2\/media?parent=11034"}],"wp:term":[{"taxonomy":"product_cat","embeddable":true,"href":"https:\/\/www.promotio.sk\/de\/wp-json\/wp\/v2\/product_cat?post=11034"},{"taxonomy":"product_tag","embeddable":true,"href":"https:\/\/www.promotio.sk\/de\/wp-json\/wp\/v2\/product_tag?post=11034"}],"curies":[{"name":"wp","href":"https:\/\/api.w.org\/{rel}","templated":true}]}}