{"id":10948,"date":"2024-03-07T13:17:37","date_gmt":"2024-03-07T12:17:37","guid":{"rendered":"https:\/\/www.promotio.sk\/shop\/nezaraden\u00e9\/mambo\/"},"modified":"2024-03-07T13:18:31","modified_gmt":"2024-03-07T12:18:31","slug":"mambo","status":"publish","type":"product","link":"https:\/\/www.promotio.sk\/de\/shop\/promo-items\/technology\/sound\/mambo\/","title":{"rendered":"MAMBO"},"content":{"rendered":"<p>Lautsprecher aus recyceltem ABS und Naturkork, was ihn zu einer nachhaltigen und umweltfreundlichen Wahl macht. Der Lautsprecher hat eine Leistung von 10 W und sorgt f\u00fcr einen klaren und knackigen Klang.<\/p>\n<p>Der Lautsprecher verf\u00fcgt \u00fcber einen wiederaufladbaren Akku, Sie k\u00f6nnen ihn also \u00fcberallhin mitnehmen, ohne ihn st\u00e4ndig an eine Stromquelle anschlie\u00dfen zu m\u00fcssen. Laden Sie ihn vor der Verwendung einfach auf und genie\u00dfen Sie stundenlange Musikwiedergabe.<\/p>\n<p>Dar\u00fcber hinaus verf\u00fcgt dieser Lautsprecher \u00fcber eine Freisprechfunktion, die es Ihnen erm\u00f6glicht, Anrufe entgegenzunehmen, ohne Ihr Telefon in der Hand halten zu m\u00fcssen.<\/p>\n<p>Der Lautsprecheranschluss erfolgt \u00fcber einen Typ-C-Anschluss, ein moderner und effizienter Standardanschluss. Das f\u00fcr den Anschluss erforderliche Kabel ist ebenfalls im Lieferumfang enthalten, sodass Sie es nicht separat kaufen m\u00fcssen.<\/p>\n<p>Der Lautsprecher wird in einem \u00d6kodesign-Geh\u00e4use geliefert, was seinen nachhaltigen Ansatz unterstreicht und ihn zur idealen Wahl f\u00fcr alle macht, denen \u00d6kologie wichtig ist. Es ist eine umweltfreundliche und praktische M\u00f6glichkeit, Ihre Lieblingsmusik zu genie\u00dfen.<br \/>Zusammensetzung: ABS und Kork<br \/>Bemerkungen: Pr\u00e4sentation in \u00d6kodesign-Box.<\/p>","protected":false},"excerpt":{"rendered":"<p>Speaker made of recycled ABS and natural cork, making it a sustainable and environmentally friendly choice. The speaker has a<\/p>","protected":false},"featured_media":10949,"comment_status":"open","ping_status":"closed","template":"","meta":[],"product_cat":[290,286],"product_tag":[],"class_list":{"0":"post-10948","1":"product","2":"type-product","3":"status-publish","4":"has-post-thumbnail","6":"product_cat-sound","7":"product_cat-technology","9":"first","10":"instock","11":"shipping-taxable","12":"purchasable","13":"product-type-variable"},"_links":{"self":[{"href":"https:\/\/www.promotio.sk\/de\/wp-json\/wp\/v2\/product\/10948","targetHints":{"allow":["GET"]}}],"collection":[{"href":"https:\/\/www.promotio.sk\/de\/wp-json\/wp\/v2\/product"}],"about":[{"href":"https:\/\/www.promotio.sk\/de\/wp-json\/wp\/v2\/types\/product"}],"replies":[{"embeddable":true,"href":"https:\/\/www.promotio.sk\/de\/wp-json\/wp\/v2\/comments?post=10948"}],"wp:featuredmedia":[{"embeddable":true,"href":"https:\/\/www.promotio.sk\/de\/wp-json\/wp\/v2\/media\/10949"}],"wp:attachment":[{"href":"https:\/\/www.promotio.sk\/de\/wp-json\/wp\/v2\/media?parent=10948"}],"wp:term":[{"taxonomy":"product_cat","embeddable":true,"href":"https:\/\/www.promotio.sk\/de\/wp-json\/wp\/v2\/product_cat?post=10948"},{"taxonomy":"product_tag","embeddable":true,"href":"https:\/\/www.promotio.sk\/de\/wp-json\/wp\/v2\/product_tag?post=10948"}],"curies":[{"name":"wp","href":"https:\/\/api.w.org\/{rel}","templated":true}]}}