{"id":10680,"date":"2024-03-07T10:15:34","date_gmt":"2024-03-07T09:15:34","guid":{"rendered":"https:\/\/www.promotio.sk\/shop\/nezaraden\u00e9\/farber\/"},"modified":"2024-03-07T12:54:42","modified_gmt":"2024-03-07T11:54:42","slug":"farber","status":"publish","type":"product","link":"https:\/\/www.promotio.sk\/de\/shop\/promo-items\/writing_office\/pens\/farber\/","title":{"rendered":"FARBER"},"content":{"rendered":"<p>Antibakterieller Spr\u00fchkugelschreiber mit wiederaufladbarem Spray und Zeiger. 3 ml Fassungsverm\u00f6gen (Fl\u00fcssigkeit nicht enthalten). Blaue Tinte. <br \/>Zusammensetzung: Antibakterieller Kunststoff.<br \/>Bemerkungen: Hydroalkoholisches Gel nicht im Lieferumfang enthalten.<\/p>","protected":false},"excerpt":{"rendered":"<p>Antibacterial sprayer ballpen with rechargable spray and pointer. 3 ml capacity (liquid not included). Blue ink. Composition: Antibacterial plastic.Remarks: Hydroalcoholic<\/p>","protected":false},"featured_media":10682,"comment_status":"open","ping_status":"closed","template":"","meta":[],"product_cat":[205,39],"product_tag":[],"class_list":{"0":"post-10680","1":"product","2":"type-product","3":"status-publish","4":"has-post-thumbnail","6":"product_cat-pens","7":"product_cat-writing_office","9":"first","10":"instock","11":"shipping-taxable","12":"purchasable","13":"product-type-variable"},"_links":{"self":[{"href":"https:\/\/www.promotio.sk\/de\/wp-json\/wp\/v2\/product\/10680","targetHints":{"allow":["GET"]}}],"collection":[{"href":"https:\/\/www.promotio.sk\/de\/wp-json\/wp\/v2\/product"}],"about":[{"href":"https:\/\/www.promotio.sk\/de\/wp-json\/wp\/v2\/types\/product"}],"replies":[{"embeddable":true,"href":"https:\/\/www.promotio.sk\/de\/wp-json\/wp\/v2\/comments?post=10680"}],"wp:featuredmedia":[{"embeddable":true,"href":"https:\/\/www.promotio.sk\/de\/wp-json\/wp\/v2\/media\/10682"}],"wp:attachment":[{"href":"https:\/\/www.promotio.sk\/de\/wp-json\/wp\/v2\/media?parent=10680"}],"wp:term":[{"taxonomy":"product_cat","embeddable":true,"href":"https:\/\/www.promotio.sk\/de\/wp-json\/wp\/v2\/product_cat?post=10680"},{"taxonomy":"product_tag","embeddable":true,"href":"https:\/\/www.promotio.sk\/de\/wp-json\/wp\/v2\/product_tag?post=10680"}],"curies":[{"name":"wp","href":"https:\/\/api.w.org\/{rel}","templated":true}]}}