{"id":10527,"date":"2024-03-07T09:49:19","date_gmt":"2024-03-07T08:49:19","guid":{"rendered":"https:\/\/www.promotio.sk\/shop\/nezaraden\u00e9\/grafix\/"},"modified":"2024-03-07T13:05:48","modified_gmt":"2024-03-07T12:05:48","slug":"grafix","status":"publish","type":"product","link":"https:\/\/www.promotio.sk\/de\/shop\/promo-items\/writing_office\/pensils\/grafix\/","title":{"rendered":"GRAFIX"},"content":{"rendered":"<p>Der Multifunktionsbleistift mit Bambusgeh\u00e4use ist ein vielseitiges und nachhaltiges Werkzeug f\u00fcr Ihre Schreibbed\u00fcrfnisse und mehr. Das Bambusgeh\u00e4use verleiht dem Bleistift ein nat\u00fcrliches und elegantes Aussehen und ist zudem eine umweltfreundliche Option.<br \/>\nMit der austauschbaren Minenspitze f\u00fcr unbegrenztes Schreiben k\u00f6nnen Sie fl\u00fcssiges, pr\u00e4zises Schreiben genie\u00dfen, ohne sich Sorgen machen zu m\u00fcssen, dass die Mine ausgeht. Ersetzen Sie die Spitze bei Bedarf einfach und schreiben Sie ohne Unterbrechungen weiter.<br \/>\nZus\u00e4tzlich zur Bleistiftfunktion verf\u00fcgt dieses Instrument auch \u00fcber eine Linealfunktion. Mit in den Bambusk\u00f6rper eingravierten Messmarkierungen k\u00f6nnen Sie es als Lineal f\u00fcr schnelle und genaue Messungen verwenden.<br \/>\nDer Stift ist au\u00dferdem am anderen Ende mit einem Touchpointer ausgestattet, der Ihnen eine pr\u00e4zise und bequeme Interaktion mit Touchscreen-Ger\u00e4ten erm\u00f6glicht. Egal, ob Sie auf Ihrem Smartphone oder Tablet surfen, schreiben oder zeichnen m\u00f6chten, der Touchpointer gibt Ihnen mehr Kontrolle. Die Kartonkappe sch\u00fctzt die Spitze des Stifts, wenn er nicht verwendet wird, und bietet so eine nachhaltige und praktische M\u00f6glichkeit, Ihren Stift sicher aufzubewahren.<br \/>Zusammensetzung: Bambus<\/p>","protected":false},"excerpt":{"rendered":"<p>The multifunction pencil with bamboo body is a versatile and sustainable tool for your writing needs and more. The bamboo<\/p>","protected":false},"featured_media":10528,"comment_status":"open","ping_status":"closed","template":"","meta":[],"product_cat":[270,39],"product_tag":[],"class_list":{"0":"post-10527","1":"product","2":"type-product","3":"status-publish","4":"has-post-thumbnail","6":"product_cat-pensils","7":"product_cat-writing_office","9":"first","10":"instock","11":"shipping-taxable","12":"purchasable","13":"product-type-variable"},"_links":{"self":[{"href":"https:\/\/www.promotio.sk\/de\/wp-json\/wp\/v2\/product\/10527","targetHints":{"allow":["GET"]}}],"collection":[{"href":"https:\/\/www.promotio.sk\/de\/wp-json\/wp\/v2\/product"}],"about":[{"href":"https:\/\/www.promotio.sk\/de\/wp-json\/wp\/v2\/types\/product"}],"replies":[{"embeddable":true,"href":"https:\/\/www.promotio.sk\/de\/wp-json\/wp\/v2\/comments?post=10527"}],"wp:featuredmedia":[{"embeddable":true,"href":"https:\/\/www.promotio.sk\/de\/wp-json\/wp\/v2\/media\/10528"}],"wp:attachment":[{"href":"https:\/\/www.promotio.sk\/de\/wp-json\/wp\/v2\/media?parent=10527"}],"wp:term":[{"taxonomy":"product_cat","embeddable":true,"href":"https:\/\/www.promotio.sk\/de\/wp-json\/wp\/v2\/product_cat?post=10527"},{"taxonomy":"product_tag","embeddable":true,"href":"https:\/\/www.promotio.sk\/de\/wp-json\/wp\/v2\/product_tag?post=10527"}],"curies":[{"name":"wp","href":"https:\/\/api.w.org\/{rel}","templated":true}]}}