{"id":10525,"date":"2024-03-07T09:49:15","date_gmt":"2024-03-07T08:49:15","guid":{"rendered":"https:\/\/www.promotio.sk\/shop\/nezaraden\u00e9\/tezal\/"},"modified":"2024-03-07T13:06:10","modified_gmt":"2024-03-07T12:06:10","slug":"tezal","status":"publish","type":"product","link":"https:\/\/www.promotio.sk\/de\/shop\/promo-items\/writing_office\/pensils\/tezal\/","title":{"rendered":"TEZAL"},"content":{"rendered":"<p>Der Bleistift mit Geh\u00e4use aus recyceltem Aluminium und Gummi vereint Nachhaltigkeit, Funktionalit\u00e4t und Stil in einem einzigen Schreibger\u00e4t. Das Geh\u00e4use aus recyceltem Aluminium verleiht dem Bleistift St\u00e4rke und Haltbarkeit und tr\u00e4gt gleichzeitig zur Abfallreduzierung und zum Umweltschutz bei.<\/p>\n<p>Mit seiner auswechselbaren Graphitspitze f\u00fcr unbegrenztes Schreiben erm\u00f6glicht Ihnen dieser Bleistift ein fl\u00fcssiges und pr\u00e4zises Schreiberlebnis. Sie m\u00fcssen sich nie wieder Sorgen machen, dass Ihnen die Mine ausgeht, da Sie die Spitze bei Bedarf einfach austauschen k\u00f6nnen.<\/p>\n<p>Der Bleistift verf\u00fcgt au\u00dferdem an einem Ende \u00fcber ein Gummiband, mit dem Sie Fehler schnell und einfach korrigieren k\u00f6nnen. Egal, ob Sie einen kleinen Fehler ausradieren oder \u00c4nderungen an Ihren Zeichnungen vornehmen m\u00fcssen, das eingebaute Gummiband hilft Ihnen dabei.<\/p>\n<p>Dieser Bleistift mit Geh\u00e4use aus recyceltem Aluminium und Gummi ist nicht nur eine Werbung f\u00fcr Ihr Unternehmen oder Gesch\u00e4ft, sondern auch eine bewusste und elegante Wahl. Genie\u00dfen Sie sanftes, endloses Schreiben und tragen Sie gleichzeitig zum Schutz des Planeten bei.<br \/>Zusammensetzung: Recyceltes Aluminium<br \/>Bemerkungen: Pr\u00e4sentation im Recyclingbeutel.<\/p>","protected":false},"excerpt":{"rendered":"<p>The pencil with recycled aluminium body and rubber combines sustainability, functionality and style in a single writing tool. The recycled<\/p>","protected":false},"featured_media":10526,"comment_status":"open","ping_status":"closed","template":"","meta":[],"product_cat":[270,39],"product_tag":[],"class_list":{"0":"post-10525","1":"product","2":"type-product","3":"status-publish","4":"has-post-thumbnail","6":"product_cat-pensils","7":"product_cat-writing_office","9":"first","10":"instock","11":"shipping-taxable","12":"purchasable","13":"product-type-variable"},"_links":{"self":[{"href":"https:\/\/www.promotio.sk\/de\/wp-json\/wp\/v2\/product\/10525","targetHints":{"allow":["GET"]}}],"collection":[{"href":"https:\/\/www.promotio.sk\/de\/wp-json\/wp\/v2\/product"}],"about":[{"href":"https:\/\/www.promotio.sk\/de\/wp-json\/wp\/v2\/types\/product"}],"replies":[{"embeddable":true,"href":"https:\/\/www.promotio.sk\/de\/wp-json\/wp\/v2\/comments?post=10525"}],"wp:featuredmedia":[{"embeddable":true,"href":"https:\/\/www.promotio.sk\/de\/wp-json\/wp\/v2\/media\/10526"}],"wp:attachment":[{"href":"https:\/\/www.promotio.sk\/de\/wp-json\/wp\/v2\/media?parent=10525"}],"wp:term":[{"taxonomy":"product_cat","embeddable":true,"href":"https:\/\/www.promotio.sk\/de\/wp-json\/wp\/v2\/product_cat?post=10525"},{"taxonomy":"product_tag","embeddable":true,"href":"https:\/\/www.promotio.sk\/de\/wp-json\/wp\/v2\/product_tag?post=10525"}],"curies":[{"name":"wp","href":"https:\/\/api.w.org\/{rel}","templated":true}]}}