{"id":10316,"date":"2024-03-07T00:18:08","date_gmt":"2024-03-06T23:18:08","guid":{"rendered":"https:\/\/www.promotio.sk\/shop\/nezaraden\u00e9\/pinea\/"},"modified":"2024-03-07T09:00:01","modified_gmt":"2024-03-07T08:00:01","slug":"pinea","status":"publish","type":"product","link":"https:\/\/www.promotio.sk\/de\/shop\/promo-items\/kitchen\/coasters\/pinea\/","title":{"rendered":"PINEA"},"content":{"rendered":"<p>Fantastisches Set mit 4 Untersetzern aus nat\u00fcrlichem Kiefernholz. Verleihen Sie Ihrem Tisch eine nat\u00fcrliche Note.<br \/>Zusammensetzung: Madera de Pino nat\u00fcrlich<br \/>Bemerkungen: Pr\u00e4sentation mit nat\u00fcrlicher Juteschnur und \u00d6kodesign-Box.<\/p>","protected":false},"excerpt":{"rendered":"<p>Fantastic set of 4 coasters made of natural pine wood. Add a natural touch to your table.Composition: Madera de pino<\/p>","protected":false},"featured_media":10317,"comment_status":"open","ping_status":"closed","template":"","meta":[],"product_cat":[249,245],"product_tag":[],"class_list":{"0":"post-10316","1":"product","2":"type-product","3":"status-publish","4":"has-post-thumbnail","6":"product_cat-coasters","7":"product_cat-kitchen","9":"first","10":"instock","11":"shipping-taxable","12":"purchasable","13":"product-type-variable"},"_links":{"self":[{"href":"https:\/\/www.promotio.sk\/de\/wp-json\/wp\/v2\/product\/10316","targetHints":{"allow":["GET"]}}],"collection":[{"href":"https:\/\/www.promotio.sk\/de\/wp-json\/wp\/v2\/product"}],"about":[{"href":"https:\/\/www.promotio.sk\/de\/wp-json\/wp\/v2\/types\/product"}],"replies":[{"embeddable":true,"href":"https:\/\/www.promotio.sk\/de\/wp-json\/wp\/v2\/comments?post=10316"}],"wp:featuredmedia":[{"embeddable":true,"href":"https:\/\/www.promotio.sk\/de\/wp-json\/wp\/v2\/media\/10317"}],"wp:attachment":[{"href":"https:\/\/www.promotio.sk\/de\/wp-json\/wp\/v2\/media?parent=10316"}],"wp:term":[{"taxonomy":"product_cat","embeddable":true,"href":"https:\/\/www.promotio.sk\/de\/wp-json\/wp\/v2\/product_cat?post=10316"},{"taxonomy":"product_tag","embeddable":true,"href":"https:\/\/www.promotio.sk\/de\/wp-json\/wp\/v2\/product_tag?post=10316"}],"curies":[{"name":"wp","href":"https:\/\/api.w.org\/{rel}","templated":true}]}}