{"id":10287,"date":"2024-03-07T00:14:29","date_gmt":"2024-03-06T23:14:29","guid":{"rendered":"https:\/\/www.promotio.sk\/shop\/nezaraden\u00e9\/mauro\/"},"modified":"2024-03-07T09:00:53","modified_gmt":"2024-03-07T08:00:53","slug":"mauro","status":"publish","type":"product","link":"https:\/\/www.promotio.sk\/de\/shop\/promo-items\/kitchen\/aprons_mitts\/mauro\/","title":{"rendered":"MAURO"},"content":{"rendered":"<p>\u00d6ko-K\u00fcchenhandschuh aus 100% Bio-Baumwolle mit Aufh\u00e4ngeschlaufe und einer flachen Seite, ideal zum Markieren. Praktisch und bequem f\u00fcr den t\u00e4glichen Gebrauch.<br \/>\n<br \/>Zusammensetzung: 100% Bio-Baumwolle.<\/p>","protected":false},"excerpt":{"rendered":"<p>Eco kitchen mitt in 100% organic cotton with hanging strap and one flat side ideal for marking. Practical and comfortable<\/p>","protected":false},"featured_media":10288,"comment_status":"open","ping_status":"closed","template":"","meta":[],"product_cat":[250,245],"product_tag":[],"class_list":{"0":"post-10287","1":"product","2":"type-product","3":"status-publish","4":"has-post-thumbnail","6":"product_cat-aprons_mitts","7":"product_cat-kitchen","9":"first","10":"instock","11":"shipping-taxable","12":"purchasable","13":"product-type-variable"},"_links":{"self":[{"href":"https:\/\/www.promotio.sk\/de\/wp-json\/wp\/v2\/product\/10287","targetHints":{"allow":["GET"]}}],"collection":[{"href":"https:\/\/www.promotio.sk\/de\/wp-json\/wp\/v2\/product"}],"about":[{"href":"https:\/\/www.promotio.sk\/de\/wp-json\/wp\/v2\/types\/product"}],"replies":[{"embeddable":true,"href":"https:\/\/www.promotio.sk\/de\/wp-json\/wp\/v2\/comments?post=10287"}],"wp:featuredmedia":[{"embeddable":true,"href":"https:\/\/www.promotio.sk\/de\/wp-json\/wp\/v2\/media\/10288"}],"wp:attachment":[{"href":"https:\/\/www.promotio.sk\/de\/wp-json\/wp\/v2\/media?parent=10287"}],"wp:term":[{"taxonomy":"product_cat","embeddable":true,"href":"https:\/\/www.promotio.sk\/de\/wp-json\/wp\/v2\/product_cat?post=10287"},{"taxonomy":"product_tag","embeddable":true,"href":"https:\/\/www.promotio.sk\/de\/wp-json\/wp\/v2\/product_tag?post=10287"}],"curies":[{"name":"wp","href":"https:\/\/api.w.org\/{rel}","templated":true}]}}