{"id":10240,"date":"2024-03-07T00:09:37","date_gmt":"2024-03-06T23:09:37","guid":{"rendered":"https:\/\/www.promotio.sk\/shop\/nezaraden\u00e9\/alsac\/"},"modified":"2024-03-07T09:01:42","modified_gmt":"2024-03-07T08:01:42","slug":"alsac","status":"publish","type":"product","link":"https:\/\/www.promotio.sk\/de\/shop\/promo-items\/kitchen\/openers_accessories\/alsac\/","title":{"rendered":"ALSAC"},"content":{"rendered":"<p>Der Flaschenst\u00e4nder aus Holz ist ein praktisches und \u00e4sthetisches Accessoire zur sicheren Pr\u00e4sentation und Aufbewahrung Ihrer Flaschen. Mit einer Kapazit\u00e4t f\u00fcr 3 Flaschen erm\u00f6glicht Ihnen dieser Flaschenst\u00e4nder, Ihre Lieblingsgetr\u00e4nke auf elegante Weise zu organisieren und zu pr\u00e4sentieren.<br \/>\nDieses aus Holz gefertigte Flaschenregal ist nicht nur robust und langlebig, sondern verleiht Ihrem Raum auch eine nat\u00fcrliche und warme Note. Sein kompaktes und funktionales Design erm\u00f6glicht es Ihnen, den verf\u00fcgbaren Platz optimal zu nutzen, sei es in Ihrer K\u00fcche, Ihrem Esszimmer oder jedem anderen Bereich Ihres Zuhauses.<\/p>\n<p>Dieses Flaschenregal aus Holz ist eine elegante und praktische L\u00f6sung zur Werbung f\u00fcr Ihr Unternehmen. Genie\u00dfen Sie den Komfort, Ihre Flaschen immer griffbereit zu haben und verleihen Sie Ihrem Raum gleichzeitig eine dekorative Note.<br \/>Zusammensetzung: Madera<br \/>Anmerkungen: Pr\u00e4sentation in caja dise\u00f1o eco.<\/p>","protected":false},"excerpt":{"rendered":"<p>The wooden bottle rack is a practical and aesthetic accessory to safely display and store your bottles. With a capacity<\/p>","protected":false},"featured_media":10241,"comment_status":"open","ping_status":"closed","template":"","meta":[],"product_cat":[245,31],"product_tag":[],"class_list":{"0":"post-10240","1":"product","2":"type-product","3":"status-publish","4":"has-post-thumbnail","6":"product_cat-kitchen","7":"product_cat-openers_accessories","9":"first","10":"instock","11":"shipping-taxable","12":"purchasable","13":"product-type-variable"},"_links":{"self":[{"href":"https:\/\/www.promotio.sk\/de\/wp-json\/wp\/v2\/product\/10240","targetHints":{"allow":["GET"]}}],"collection":[{"href":"https:\/\/www.promotio.sk\/de\/wp-json\/wp\/v2\/product"}],"about":[{"href":"https:\/\/www.promotio.sk\/de\/wp-json\/wp\/v2\/types\/product"}],"replies":[{"embeddable":true,"href":"https:\/\/www.promotio.sk\/de\/wp-json\/wp\/v2\/comments?post=10240"}],"wp:featuredmedia":[{"embeddable":true,"href":"https:\/\/www.promotio.sk\/de\/wp-json\/wp\/v2\/media\/10241"}],"wp:attachment":[{"href":"https:\/\/www.promotio.sk\/de\/wp-json\/wp\/v2\/media?parent=10240"}],"wp:term":[{"taxonomy":"product_cat","embeddable":true,"href":"https:\/\/www.promotio.sk\/de\/wp-json\/wp\/v2\/product_cat?post=10240"},{"taxonomy":"product_tag","embeddable":true,"href":"https:\/\/www.promotio.sk\/de\/wp-json\/wp\/v2\/product_tag?post=10240"}],"curies":[{"name":"wp","href":"https:\/\/api.w.org\/{rel}","templated":true}]}}