{"id":10171,"date":"2024-03-07T00:03:16","date_gmt":"2024-03-06T23:03:16","guid":{"rendered":"https:\/\/www.promotio.sk\/shop\/nezaraden\u00e9\/zadar\/"},"modified":"2024-03-07T09:04:09","modified_gmt":"2024-03-07T08:04:09","slug":"zadar","status":"publish","type":"product","link":"https:\/\/www.promotio.sk\/de\/shop\/promo-items\/home_gifts\/keyrings\/zadar\/","title":{"rendered":"ZADAR"},"content":{"rendered":"<p>Der Schl\u00fcsselanh\u00e4nger mit Taschenlampe ist ein funktionales und individuell anpassbares St\u00fcck, das Sie \u00fcberallhin mitnehmen k\u00f6nnen. Dieser Schl\u00fcsselanh\u00e4nger ist mit einer integrierten Taschenlampe ausgestattet und verf\u00fcgt \u00fcber eine spezielle Oberfl\u00e4che f\u00fcr Lasergravur, sodass Sie ihm eine pers\u00f6nliche oder werbende Note verleihen k\u00f6nnen. Er ist mit 3 AG3-Knopfzellen ausgestattet, die eine langlebige und zuverl\u00e4ssige Funktion gew\u00e4hrleisten. Dank seiner kompakten und leichten Gr\u00f6\u00dfe ist er ideal zum Mitnehmen. Unser Schl\u00fcsselanh\u00e4nger mit Taschenlampe bietet Ihnen den Nutzen und die Anpassungsm\u00f6glichkeiten, die Sie ben\u00f6tigen.<br \/>Bemerkungen: Presentaci\u00f3n caja blanca.<\/p>","protected":false},"excerpt":{"rendered":"<p>The flashlight keychain is a functional and customizable piece that you can take wherever you go. This keychain is designed<\/p>","protected":false},"featured_media":10172,"comment_status":"open","ping_status":"closed","template":"","meta":[],"product_cat":[251,253],"product_tag":[],"class_list":{"0":"post-10171","1":"product","2":"type-product","3":"status-publish","4":"has-post-thumbnail","6":"product_cat-home_gifts","7":"product_cat-keyrings","9":"first","10":"instock","11":"shipping-taxable","12":"purchasable","13":"product-type-variable"},"_links":{"self":[{"href":"https:\/\/www.promotio.sk\/de\/wp-json\/wp\/v2\/product\/10171","targetHints":{"allow":["GET"]}}],"collection":[{"href":"https:\/\/www.promotio.sk\/de\/wp-json\/wp\/v2\/product"}],"about":[{"href":"https:\/\/www.promotio.sk\/de\/wp-json\/wp\/v2\/types\/product"}],"replies":[{"embeddable":true,"href":"https:\/\/www.promotio.sk\/de\/wp-json\/wp\/v2\/comments?post=10171"}],"wp:featuredmedia":[{"embeddable":true,"href":"https:\/\/www.promotio.sk\/de\/wp-json\/wp\/v2\/media\/10172"}],"wp:attachment":[{"href":"https:\/\/www.promotio.sk\/de\/wp-json\/wp\/v2\/media?parent=10171"}],"wp:term":[{"taxonomy":"product_cat","embeddable":true,"href":"https:\/\/www.promotio.sk\/de\/wp-json\/wp\/v2\/product_cat?post=10171"},{"taxonomy":"product_tag","embeddable":true,"href":"https:\/\/www.promotio.sk\/de\/wp-json\/wp\/v2\/product_tag?post=10171"}],"curies":[{"name":"wp","href":"https:\/\/api.w.org\/{rel}","templated":true}]}}