{"id":9857,"date":"2024-03-06T23:02:32","date_gmt":"2024-03-06T22:02:32","guid":{"rendered":"https:\/\/www.promotio.sk\/shop\/nezaraden\u00e9\/teslar\/"},"modified":"2024-03-06T23:02:58","modified_gmt":"2024-03-06T22:02:58","slug":"teslar","status":"publish","type":"product","link":"https:\/\/www.promotio.sk\/cs\/shop\/promo-items\/home_gifts\/keyrings\/teslar\/","title":{"rendered":"TESLAR"},"content":{"rendered":"<p>Kl\u00ed\u010denka ve tvaru auta z bambusu s kovovou povrchovou \u00fapravou je okouzluj\u00edc\u00edm a udr\u017eiteln\u00fdm dopl\u0148kem pro stylov\u00e9 no\u0161en\u00ed kl\u00ed\u010d\u016f. Tvar auta dod\u00e1v\u00e1 kl\u00ed\u010dence z\u00e1bavn\u00fd a osobit\u00fd n\u00e1dech, ide\u00e1ln\u00ed pro milovn\u00edky vozidel.<br \/>\nBambus pou\u017eit\u00fd k jeho v\u00fdrob\u011b je p\u0159\u00edrodn\u00ed a obnoviteln\u00fd materi\u00e1l, zn\u00e1m\u00fd pro svou odolnost. Kombinace bambusu s kovovou povrchovou \u00fapravou mu dod\u00e1v\u00e1 elegantn\u00ed a odoln\u00fd vzhled.<br \/>\nKl\u00ed\u010denka ve tvaru auta je nejen vizu\u00e1ln\u011b p\u0159ita\u017eliv\u00e1, ale i funk\u010dn\u00ed. Kovov\u00fd krou\u017eek umo\u017e\u0148uje bezpe\u010dn\u00e9 zav\u011b\u0161en\u00ed kl\u00ed\u010d\u016f a zabra\u0148uje jejich ztr\u00e1t\u011b. D\u00edky kompaktn\u00edm rozm\u011br\u016fm se snadno a prakticky nos\u00ed v kapse, kabelce nebo se d\u00e1 zav\u011bsit na poutko na opasku kalhot.<br \/>Slo\u017een\u00ed: Bamb\u00fa y metal cromado.<br \/>Pozn\u00e1mky: Balen\u00ed v individu\u00e1ln\u00edm s\u00e1\u010dku s ekokartou.<\/p>","protected":false},"excerpt":{"rendered":"<p>The car-shaped keychain made of bamboo with a metal finish is a charming and sustainable accessory to carry your keys<\/p>","protected":false},"featured_media":9858,"comment_status":"open","ping_status":"closed","template":"","meta":[],"product_cat":[251,253],"product_tag":[],"class_list":{"0":"post-9857","1":"product","2":"type-product","3":"status-publish","4":"has-post-thumbnail","6":"product_cat-home_gifts","7":"product_cat-keyrings","9":"first","10":"instock","11":"shipping-taxable","12":"purchasable","13":"product-type-variable"},"_links":{"self":[{"href":"https:\/\/www.promotio.sk\/cs\/wp-json\/wp\/v2\/product\/9857","targetHints":{"allow":["GET"]}}],"collection":[{"href":"https:\/\/www.promotio.sk\/cs\/wp-json\/wp\/v2\/product"}],"about":[{"href":"https:\/\/www.promotio.sk\/cs\/wp-json\/wp\/v2\/types\/product"}],"replies":[{"embeddable":true,"href":"https:\/\/www.promotio.sk\/cs\/wp-json\/wp\/v2\/comments?post=9857"}],"wp:featuredmedia":[{"embeddable":true,"href":"https:\/\/www.promotio.sk\/cs\/wp-json\/wp\/v2\/media\/9858"}],"wp:attachment":[{"href":"https:\/\/www.promotio.sk\/cs\/wp-json\/wp\/v2\/media?parent=9857"}],"wp:term":[{"taxonomy":"product_cat","embeddable":true,"href":"https:\/\/www.promotio.sk\/cs\/wp-json\/wp\/v2\/product_cat?post=9857"},{"taxonomy":"product_tag","embeddable":true,"href":"https:\/\/www.promotio.sk\/cs\/wp-json\/wp\/v2\/product_tag?post=9857"}],"curies":[{"name":"wp","href":"https:\/\/api.w.org\/{rel}","templated":true}]}}