{"id":9844,"date":"2024-03-06T23:01:50","date_gmt":"2024-03-06T22:01:50","guid":{"rendered":"https:\/\/www.promotio.sk\/shop\/nezaraden\u00e9\/duplex\/"},"modified":"2024-03-06T23:02:21","modified_gmt":"2024-03-06T22:02:21","slug":"duplex","status":"publish","type":"product","link":"https:\/\/www.promotio.sk\/cs\/shop\/promo-items\/home_gifts\/keyrings\/duplex\/","title":{"rendered":"DUPLEX"},"content":{"rendered":"<p>The house-shaped keychain made of bamboo with a metal finish is a charming and sustainable accessory to carry your keys in style. The shape of the house adds a unique and symbolic touch, ideal for those who appreciate the concept of home.<br \/>\nBambus pou\u017eit\u00fd k jeho v\u00fdrob\u011b je p\u0159\u00edrodn\u00ed a obnoviteln\u00fd materi\u00e1l, zn\u00e1m\u00fd pro svou odolnost. Kombinace bambusu s kovovou povrchovou \u00fapravou mu dod\u00e1v\u00e1 elegantn\u00ed a odoln\u00fd vzhled.<br \/>\nThe house-shaped keychain is not only visually appealing, but also functional. The metal ring allows you to hook your keys on securely, preventing them from getting lost. Its compact size makes it practical and easy to carry in your pocket, purse or hooked on the belt loop of your trousers.<br \/>Slo\u017een\u00ed: Bamb\u00fa<br \/>Remarks: Presentado en bolsa individual con tarjeta eco.<\/p>","protected":false},"excerpt":{"rendered":"<p>The house-shaped keychain made of bamboo with a metal finish is a charming and sustainable accessory to carry your keys<\/p>","protected":false},"featured_media":9845,"comment_status":"open","ping_status":"closed","template":"","meta":[],"product_cat":[251,253],"product_tag":[],"class_list":{"0":"post-9844","1":"product","2":"type-product","3":"status-publish","4":"has-post-thumbnail","6":"product_cat-home_gifts","7":"product_cat-keyrings","9":"first","10":"instock","11":"shipping-taxable","12":"purchasable","13":"product-type-variable"},"_links":{"self":[{"href":"https:\/\/www.promotio.sk\/cs\/wp-json\/wp\/v2\/product\/9844","targetHints":{"allow":["GET"]}}],"collection":[{"href":"https:\/\/www.promotio.sk\/cs\/wp-json\/wp\/v2\/product"}],"about":[{"href":"https:\/\/www.promotio.sk\/cs\/wp-json\/wp\/v2\/types\/product"}],"replies":[{"embeddable":true,"href":"https:\/\/www.promotio.sk\/cs\/wp-json\/wp\/v2\/comments?post=9844"}],"wp:featuredmedia":[{"embeddable":true,"href":"https:\/\/www.promotio.sk\/cs\/wp-json\/wp\/v2\/media\/9845"}],"wp:attachment":[{"href":"https:\/\/www.promotio.sk\/cs\/wp-json\/wp\/v2\/media?parent=9844"}],"wp:term":[{"taxonomy":"product_cat","embeddable":true,"href":"https:\/\/www.promotio.sk\/cs\/wp-json\/wp\/v2\/product_cat?post=9844"},{"taxonomy":"product_tag","embeddable":true,"href":"https:\/\/www.promotio.sk\/cs\/wp-json\/wp\/v2\/product_tag?post=9844"}],"curies":[{"name":"wp","href":"https:\/\/api.w.org\/{rel}","templated":true}]}}