{"id":9831,"date":"2024-03-06T23:01:11","date_gmt":"2024-03-06T22:01:11","guid":{"rendered":"https:\/\/www.promotio.sk\/shop\/nezaraden\u00e9\/gonax\/"},"modified":"2024-03-06T23:01:45","modified_gmt":"2024-03-06T22:01:45","slug":"gonax","status":"publish","type":"product","link":"https:\/\/www.promotio.sk\/cs\/shop\/promo-items\/home_gifts\/keyrings\/gonax\/","title":{"rendered":"GONAX"},"content":{"rendered":"<p>The rectangular key ring made of felt with a vigore design is a practical and sustainable accessory to carry your keys in style. <\/p>\n<p>The rectangular design of the keychain offers a classic and elegant shape, while the vigore design adds a touch of texture and originality. The felt is soft to the touch and sturdy, ensuring optimal durability.<br \/>\nThanks to its compact size, it is easy to carry in your pocket, purse or hooked on the belt loop of your trousers.<\/p>\n<p>The use of recycled materials and the presentation in an eco-friendly design make this keychain a conscious and responsible choice. It is an ideal accessory for those looking to combine functionality, style and commitment to the environment.<br \/>Slo\u017een\u00ed: Recyklovan\u00fd filc<\/p>","protected":false},"excerpt":{"rendered":"<p>The rectangular key ring made of felt with a vigore design is a practical and sustainable accessory to carry your<\/p>","protected":false},"featured_media":9832,"comment_status":"open","ping_status":"closed","template":"","meta":[],"product_cat":[251,253],"product_tag":[],"class_list":{"0":"post-9831","1":"product","2":"type-product","3":"status-publish","4":"has-post-thumbnail","6":"product_cat-home_gifts","7":"product_cat-keyrings","9":"first","10":"instock","11":"shipping-taxable","12":"purchasable","13":"product-type-variable"},"_links":{"self":[{"href":"https:\/\/www.promotio.sk\/cs\/wp-json\/wp\/v2\/product\/9831","targetHints":{"allow":["GET"]}}],"collection":[{"href":"https:\/\/www.promotio.sk\/cs\/wp-json\/wp\/v2\/product"}],"about":[{"href":"https:\/\/www.promotio.sk\/cs\/wp-json\/wp\/v2\/types\/product"}],"replies":[{"embeddable":true,"href":"https:\/\/www.promotio.sk\/cs\/wp-json\/wp\/v2\/comments?post=9831"}],"wp:featuredmedia":[{"embeddable":true,"href":"https:\/\/www.promotio.sk\/cs\/wp-json\/wp\/v2\/media\/9832"}],"wp:attachment":[{"href":"https:\/\/www.promotio.sk\/cs\/wp-json\/wp\/v2\/media?parent=9831"}],"wp:term":[{"taxonomy":"product_cat","embeddable":true,"href":"https:\/\/www.promotio.sk\/cs\/wp-json\/wp\/v2\/product_cat?post=9831"},{"taxonomy":"product_tag","embeddable":true,"href":"https:\/\/www.promotio.sk\/cs\/wp-json\/wp\/v2\/product_tag?post=9831"}],"curies":[{"name":"wp","href":"https:\/\/api.w.org\/{rel}","templated":true}]}}