{"id":9817,"date":"2024-03-06T23:00:32","date_gmt":"2024-03-06T22:00:32","guid":{"rendered":"https:\/\/www.promotio.sk\/shop\/nezaraden\u00e9\/vernon\/"},"modified":"2024-03-06T23:00:59","modified_gmt":"2024-03-06T22:00:59","slug":"vernon","status":"publish","type":"product","link":"https:\/\/www.promotio.sk\/cs\/shop\/promo-items\/home_gifts\/decoration_games\/vernon\/","title":{"rendered":"VERNON"},"content":{"rendered":"<p>D\u0159ev\u011bn\u00e1 matematick\u00e1 hra pro d\u011bti. Sada 32 d\u00edlk\u016f. Balen\u00ed v bavln\u011bn\u00e9m s\u00e1\u010dku.<\/p>","protected":false},"excerpt":{"rendered":"<p>D\u0159ev\u011bn\u00e1 matematick\u00e1 hra pro d\u011bti. Sada 32 d\u00edlk\u016f. Balen\u00ed v bavln\u011bn\u00e9m s\u00e1\u010dku.<\/p>","protected":false},"featured_media":9818,"comment_status":"open","ping_status":"closed","template":"","meta":[],"product_cat":[252,251],"product_tag":[],"class_list":{"0":"post-9817","1":"product","2":"type-product","3":"status-publish","4":"has-post-thumbnail","6":"product_cat-decoration_games","7":"product_cat-home_gifts","9":"first","10":"instock","11":"shipping-taxable","12":"purchasable","13":"product-type-variable"},"_links":{"self":[{"href":"https:\/\/www.promotio.sk\/cs\/wp-json\/wp\/v2\/product\/9817","targetHints":{"allow":["GET"]}}],"collection":[{"href":"https:\/\/www.promotio.sk\/cs\/wp-json\/wp\/v2\/product"}],"about":[{"href":"https:\/\/www.promotio.sk\/cs\/wp-json\/wp\/v2\/types\/product"}],"replies":[{"embeddable":true,"href":"https:\/\/www.promotio.sk\/cs\/wp-json\/wp\/v2\/comments?post=9817"}],"wp:featuredmedia":[{"embeddable":true,"href":"https:\/\/www.promotio.sk\/cs\/wp-json\/wp\/v2\/media\/9818"}],"wp:attachment":[{"href":"https:\/\/www.promotio.sk\/cs\/wp-json\/wp\/v2\/media?parent=9817"}],"wp:term":[{"taxonomy":"product_cat","embeddable":true,"href":"https:\/\/www.promotio.sk\/cs\/wp-json\/wp\/v2\/product_cat?post=9817"},{"taxonomy":"product_tag","embeddable":true,"href":"https:\/\/www.promotio.sk\/cs\/wp-json\/wp\/v2\/product_tag?post=9817"}],"curies":[{"name":"wp","href":"https:\/\/api.w.org\/{rel}","templated":true}]}}