{"id":9575,"date":"2024-03-06T22:47:22","date_gmt":"2024-03-06T21:47:22","guid":{"rendered":"https:\/\/www.promotio.sk\/shop\/nezaraden\u00e9\/marsal\/"},"modified":"2024-03-06T22:48:01","modified_gmt":"2024-03-06T21:48:01","slug":"marsal","status":"publish","type":"product","link":"https:\/\/www.promotio.sk\/cs\/shop\/promo-items\/home_gifts\/decoration_games\/marsal\/","title":{"rendered":"MARSAL"},"content":{"rendered":"<p>Skl\u00e1dac\u00ed bambusov\u00e1 stoln\u00ed lampa s vestav\u011bnou 10W bezdr\u00e1tovou nab\u00edje\u010dkou. 25 LED sv\u011btel se 3 re\u017eimy sv\u00edcen\u00ed a intenzity. \u010casova\u010d sv\u00edcen\u00ed od 1 do 2 hodin.<br \/>Slo\u017een\u00ed: Bambus<br \/>Pozn\u00e1mky: Prezentace v eko designov\u00e9 krabi\u010dce.<br \/>\nP\u0159ipojen\u00ed typu C.<\/p>","protected":false},"excerpt":{"rendered":"<p>Foldable bamboo table lamp with in-built 10W wireless charger. 25 LED lights with 3 lightning and intensity modes. Light timer<\/p>","protected":false},"featured_media":9576,"comment_status":"open","ping_status":"closed","template":"","meta":[],"product_cat":[252,251],"product_tag":[],"class_list":{"0":"post-9575","1":"product","2":"type-product","3":"status-publish","4":"has-post-thumbnail","6":"product_cat-decoration_games","7":"product_cat-home_gifts","9":"first","10":"instock","11":"shipping-taxable","12":"purchasable","13":"product-type-variable"},"_links":{"self":[{"href":"https:\/\/www.promotio.sk\/cs\/wp-json\/wp\/v2\/product\/9575","targetHints":{"allow":["GET"]}}],"collection":[{"href":"https:\/\/www.promotio.sk\/cs\/wp-json\/wp\/v2\/product"}],"about":[{"href":"https:\/\/www.promotio.sk\/cs\/wp-json\/wp\/v2\/types\/product"}],"replies":[{"embeddable":true,"href":"https:\/\/www.promotio.sk\/cs\/wp-json\/wp\/v2\/comments?post=9575"}],"wp:featuredmedia":[{"embeddable":true,"href":"https:\/\/www.promotio.sk\/cs\/wp-json\/wp\/v2\/media\/9576"}],"wp:attachment":[{"href":"https:\/\/www.promotio.sk\/cs\/wp-json\/wp\/v2\/media?parent=9575"}],"wp:term":[{"taxonomy":"product_cat","embeddable":true,"href":"https:\/\/www.promotio.sk\/cs\/wp-json\/wp\/v2\/product_cat?post=9575"},{"taxonomy":"product_tag","embeddable":true,"href":"https:\/\/www.promotio.sk\/cs\/wp-json\/wp\/v2\/product_tag?post=9575"}],"curies":[{"name":"wp","href":"https:\/\/api.w.org\/{rel}","templated":true}]}}