{"id":9573,"date":"2024-03-06T22:47:18","date_gmt":"2024-03-06T21:47:18","guid":{"rendered":"https:\/\/www.promotio.sk\/shop\/nezaraden\u00e9\/dravis\/"},"modified":"2024-03-06T22:47:52","modified_gmt":"2024-03-06T21:47:52","slug":"dravis","status":"publish","type":"product","link":"https:\/\/www.promotio.sk\/cs\/shop\/promo-items\/home_gifts\/decoration_games\/dravis\/","title":{"rendered":"DRAVIS"},"content":{"rendered":"<p>Stoln\u00ed lampa s korkov\u00fdmi detaily, s vestav\u011bnou 10W bezdr\u00e1tovou nab\u00edje\u010dkou na podstavci a 3W bezdr\u00e1tov\u00fdm reproduktorem. LED sv\u011btlo se t\u0159emi re\u017eimy sv\u00edcen\u00ed. <br \/>Slo\u017een\u00ed: Korek<br \/>Pozn\u00e1mky: Prezentace v eko designov\u00e9 krabi\u010dce.<br \/>\nBluetooth 5.0.<br \/>\nTyp C.<\/p>","protected":false},"excerpt":{"rendered":"<p>Table lamp with details in cork, with in-built 10W wireless charger on the base and 3W wireless speaker. LED light<\/p>","protected":false},"featured_media":9574,"comment_status":"open","ping_status":"closed","template":"","meta":[],"product_cat":[252,251],"product_tag":[],"class_list":{"0":"post-9573","1":"product","2":"type-product","3":"status-publish","4":"has-post-thumbnail","6":"product_cat-decoration_games","7":"product_cat-home_gifts","9":"first","10":"instock","11":"shipping-taxable","12":"purchasable","13":"product-type-variable"},"_links":{"self":[{"href":"https:\/\/www.promotio.sk\/cs\/wp-json\/wp\/v2\/product\/9573","targetHints":{"allow":["GET"]}}],"collection":[{"href":"https:\/\/www.promotio.sk\/cs\/wp-json\/wp\/v2\/product"}],"about":[{"href":"https:\/\/www.promotio.sk\/cs\/wp-json\/wp\/v2\/types\/product"}],"replies":[{"embeddable":true,"href":"https:\/\/www.promotio.sk\/cs\/wp-json\/wp\/v2\/comments?post=9573"}],"wp:featuredmedia":[{"embeddable":true,"href":"https:\/\/www.promotio.sk\/cs\/wp-json\/wp\/v2\/media\/9574"}],"wp:attachment":[{"href":"https:\/\/www.promotio.sk\/cs\/wp-json\/wp\/v2\/media?parent=9573"}],"wp:term":[{"taxonomy":"product_cat","embeddable":true,"href":"https:\/\/www.promotio.sk\/cs\/wp-json\/wp\/v2\/product_cat?post=9573"},{"taxonomy":"product_tag","embeddable":true,"href":"https:\/\/www.promotio.sk\/cs\/wp-json\/wp\/v2\/product_tag?post=9573"}],"curies":[{"name":"wp","href":"https:\/\/api.w.org\/{rel}","templated":true}]}}