{"id":9482,"date":"2024-03-06T20:57:10","date_gmt":"2024-03-06T19:57:10","guid":{"rendered":"https:\/\/www.promotio.sk\/shop\/nezaraden\u00e9\/pachu\/"},"modified":"2024-03-06T20:57:44","modified_gmt":"2024-03-06T19:57:44","slug":"pachu","status":"publish","type":"product","link":"https:\/\/www.promotio.sk\/cs\/shop\/promo-items\/kitchen\/aprons_mitts\/pachu\/","title":{"rendered":"PACHU"},"content":{"rendered":"<p>Non-woven apron with colouring design for children. 5 crayons in assorted colours included. Adjustable one size.<br \/>Slo\u017een\u00ed: Netkan\u00e1 textilie<br \/><img decoding=\"async\" src=\"https:\/\/static.gorfactory.es\/pics\/measures\/DE_HO.jpg\"><\/p>","protected":false},"excerpt":{"rendered":"<p>Non-woven apron with colouring design for children. 5 crayons in assorted colours included. Adjustable one size.Composition: Non-woven<\/p>","protected":false},"featured_media":9483,"comment_status":"open","ping_status":"closed","template":"","meta":[],"product_cat":[250,245],"product_tag":[],"class_list":{"0":"post-9482","1":"product","2":"type-product","3":"status-publish","4":"has-post-thumbnail","6":"product_cat-aprons_mitts","7":"product_cat-kitchen","9":"first","10":"instock","11":"shipping-taxable","12":"purchasable","13":"product-type-variable"},"_links":{"self":[{"href":"https:\/\/www.promotio.sk\/cs\/wp-json\/wp\/v2\/product\/9482","targetHints":{"allow":["GET"]}}],"collection":[{"href":"https:\/\/www.promotio.sk\/cs\/wp-json\/wp\/v2\/product"}],"about":[{"href":"https:\/\/www.promotio.sk\/cs\/wp-json\/wp\/v2\/types\/product"}],"replies":[{"embeddable":true,"href":"https:\/\/www.promotio.sk\/cs\/wp-json\/wp\/v2\/comments?post=9482"}],"wp:featuredmedia":[{"embeddable":true,"href":"https:\/\/www.promotio.sk\/cs\/wp-json\/wp\/v2\/media\/9483"}],"wp:attachment":[{"href":"https:\/\/www.promotio.sk\/cs\/wp-json\/wp\/v2\/media?parent=9482"}],"wp:term":[{"taxonomy":"product_cat","embeddable":true,"href":"https:\/\/www.promotio.sk\/cs\/wp-json\/wp\/v2\/product_cat?post=9482"},{"taxonomy":"product_tag","embeddable":true,"href":"https:\/\/www.promotio.sk\/cs\/wp-json\/wp\/v2\/product_tag?post=9482"}],"curies":[{"name":"wp","href":"https:\/\/api.w.org\/{rel}","templated":true}]}}