{"id":9435,"date":"2024-03-06T20:54:29","date_gmt":"2024-03-06T19:54:29","guid":{"rendered":"https:\/\/www.promotio.sk\/shop\/uncategorized\/cardu\/"},"modified":"2024-03-06T20:55:04","modified_gmt":"2024-03-06T19:55:04","slug":"cardu","status":"publish","type":"product","link":"https:\/\/www.promotio.sk\/cs\/shop\/promo-items\/kitchen\/home_cocktail\/cardu\/","title":{"rendered":"CARDU"},"content":{"rendered":"<p>Nerezov\u00fd m\u011b\u0159i\u010d n\u00e1poj\u016f. Objem 15 a 30 ml.<br \/>Slo\u017een\u00ed: Acero inoxidable<br \/>Pozn\u00e1mky: Prezentace v b\u00edl\u00e9 krabici.<\/p>","protected":false},"excerpt":{"rendered":"<p>Stainless Steel Beverage Measurer. Measures 15 and 30 ml capacity.Composition: Acero inoxidableRemarks: Presentation in white box.<\/p>","protected":false},"featured_media":9436,"comment_status":"open","ping_status":"closed","template":"","meta":[],"product_cat":[247,245],"product_tag":[],"class_list":{"0":"post-9435","1":"product","2":"type-product","3":"status-publish","4":"has-post-thumbnail","6":"product_cat-home_cocktail","7":"product_cat-kitchen","9":"first","10":"instock","11":"shipping-taxable","12":"purchasable","13":"product-type-variable"},"_links":{"self":[{"href":"https:\/\/www.promotio.sk\/cs\/wp-json\/wp\/v2\/product\/9435","targetHints":{"allow":["GET"]}}],"collection":[{"href":"https:\/\/www.promotio.sk\/cs\/wp-json\/wp\/v2\/product"}],"about":[{"href":"https:\/\/www.promotio.sk\/cs\/wp-json\/wp\/v2\/types\/product"}],"replies":[{"embeddable":true,"href":"https:\/\/www.promotio.sk\/cs\/wp-json\/wp\/v2\/comments?post=9435"}],"wp:featuredmedia":[{"embeddable":true,"href":"https:\/\/www.promotio.sk\/cs\/wp-json\/wp\/v2\/media\/9436"}],"wp:attachment":[{"href":"https:\/\/www.promotio.sk\/cs\/wp-json\/wp\/v2\/media?parent=9435"}],"wp:term":[{"taxonomy":"product_cat","embeddable":true,"href":"https:\/\/www.promotio.sk\/cs\/wp-json\/wp\/v2\/product_cat?post=9435"},{"taxonomy":"product_tag","embeddable":true,"href":"https:\/\/www.promotio.sk\/cs\/wp-json\/wp\/v2\/product_tag?post=9435"}],"curies":[{"name":"wp","href":"https:\/\/api.w.org\/{rel}","templated":true}]}}