{"id":9419,"date":"2024-03-06T20:53:41","date_gmt":"2024-03-06T19:53:41","guid":{"rendered":"https:\/\/www.promotio.sk\/shop\/nezaraden\u00e9\/pisco\/"},"modified":"2024-03-06T20:54:18","modified_gmt":"2024-03-06T19:54:18","slug":"pisco","status":"publish","type":"product","link":"https:\/\/www.promotio.sk\/cs\/shop\/promo-items\/kitchen\/home_cocktail\/pisco\/","title":{"rendered":"PISCO"},"content":{"rendered":"<p>Koktejlov\u00e1 sada z nerezov\u00e9 oceli 304 s odm\u011brkou, 550 ml \u0161ejkrem, kle\u0161t\u011bmi, l\u017e\u00edc\u00ed a drti\u010dem. Prezentace v designov\u00e9m boxu.<br \/>Slo\u017een\u00ed: Acero inoxidable<br \/>Pozn\u00e1mky: Presentaci\u00f3n en caja dise\u00f1o.<br \/>\nCoctelera: 21 x 6 cm (550 ml)<br \/>\nMedidor\/d\u00e1vkova\u010d: 15ml\/30ml<br \/>\nPinza: 16 x 7 cm<br \/>\nCuchara: 19,5 cm<br \/>\nTriturador: 20 x 3 cm <\/p>","protected":false},"excerpt":{"rendered":"<p>304 stainless steel cocktail set with measuring cup, 550 ml shaker, tongs, spoon and crusher. Presentation in design box.Composition: Acero<\/p>","protected":false},"featured_media":9420,"comment_status":"open","ping_status":"closed","template":"","meta":[],"product_cat":[247,245],"product_tag":[],"class_list":{"0":"post-9419","1":"product","2":"type-product","3":"status-publish","4":"has-post-thumbnail","6":"product_cat-home_cocktail","7":"product_cat-kitchen","9":"first","10":"instock","11":"shipping-taxable","12":"purchasable","13":"product-type-variable"},"_links":{"self":[{"href":"https:\/\/www.promotio.sk\/cs\/wp-json\/wp\/v2\/product\/9419","targetHints":{"allow":["GET"]}}],"collection":[{"href":"https:\/\/www.promotio.sk\/cs\/wp-json\/wp\/v2\/product"}],"about":[{"href":"https:\/\/www.promotio.sk\/cs\/wp-json\/wp\/v2\/types\/product"}],"replies":[{"embeddable":true,"href":"https:\/\/www.promotio.sk\/cs\/wp-json\/wp\/v2\/comments?post=9419"}],"wp:featuredmedia":[{"embeddable":true,"href":"https:\/\/www.promotio.sk\/cs\/wp-json\/wp\/v2\/media\/9420"}],"wp:attachment":[{"href":"https:\/\/www.promotio.sk\/cs\/wp-json\/wp\/v2\/media?parent=9419"}],"wp:term":[{"taxonomy":"product_cat","embeddable":true,"href":"https:\/\/www.promotio.sk\/cs\/wp-json\/wp\/v2\/product_cat?post=9419"},{"taxonomy":"product_tag","embeddable":true,"href":"https:\/\/www.promotio.sk\/cs\/wp-json\/wp\/v2\/product_tag?post=9419"}],"curies":[{"name":"wp","href":"https:\/\/api.w.org\/{rel}","templated":true}]}}