{"id":9384,"date":"2024-03-06T20:51:46","date_gmt":"2024-03-06T19:51:46","guid":{"rendered":"https:\/\/www.promotio.sk\/shop\/nezaraden\u00e9\/tadeus\/"},"modified":"2024-03-06T20:52:28","modified_gmt":"2024-03-06T19:52:28","slug":"tadeus","status":"publish","type":"product","link":"https:\/\/www.promotio.sk\/cs\/shop\/promo-items\/kitchen\/weighing_scales\/tadeus\/","title":{"rendered":"TADEUS"},"content":{"rendered":"<p>Bamboo scales with anti-slip base. Digital display with weight and temperature. 2 AA batteries, not included.<br \/>Slo\u017een\u00ed: Bamb\u00fa<br \/>Remarks: Rango de peso: 5kg \u2013 180 kg<br \/>\nPrecisi\u00f3n + &#8211; 50 gramos \/ 0.2 lb<br \/>\nPeso m\u00e1ximo soportado: 180 kg<br \/>\nFunci\u00f3n auto apagado \/ auto encendido<br \/>\nFunci\u00f3n de temperatura: 5-35 \u00ba C<br \/>\nUnidades: Kilos \/ Libras<br \/>\nPantalla : LCD<br \/>\nApagado autom\u00e1tico 10 segundos.<br \/>\nPresentaci\u00f3n en caja dise\u00f1o eco.<\/p>","protected":false},"excerpt":{"rendered":"<p>Bamboo scales with anti-slip base. Digital display with weight and temperature. 2 AA batteries, not included.Composition: Bamb\u00faRemarks: Rango de peso:<\/p>","protected":false},"featured_media":9385,"comment_status":"open","ping_status":"closed","template":"","meta":[],"product_cat":[245,248],"product_tag":[],"class_list":{"0":"post-9384","1":"product","2":"type-product","3":"status-publish","4":"has-post-thumbnail","6":"product_cat-kitchen","7":"product_cat-weighing_scales","9":"first","10":"instock","11":"shipping-taxable","12":"purchasable","13":"product-type-variable"},"_links":{"self":[{"href":"https:\/\/www.promotio.sk\/cs\/wp-json\/wp\/v2\/product\/9384","targetHints":{"allow":["GET"]}}],"collection":[{"href":"https:\/\/www.promotio.sk\/cs\/wp-json\/wp\/v2\/product"}],"about":[{"href":"https:\/\/www.promotio.sk\/cs\/wp-json\/wp\/v2\/types\/product"}],"replies":[{"embeddable":true,"href":"https:\/\/www.promotio.sk\/cs\/wp-json\/wp\/v2\/comments?post=9384"}],"wp:featuredmedia":[{"embeddable":true,"href":"https:\/\/www.promotio.sk\/cs\/wp-json\/wp\/v2\/media\/9385"}],"wp:attachment":[{"href":"https:\/\/www.promotio.sk\/cs\/wp-json\/wp\/v2\/media?parent=9384"}],"wp:term":[{"taxonomy":"product_cat","embeddable":true,"href":"https:\/\/www.promotio.sk\/cs\/wp-json\/wp\/v2\/product_cat?post=9384"},{"taxonomy":"product_tag","embeddable":true,"href":"https:\/\/www.promotio.sk\/cs\/wp-json\/wp\/v2\/product_tag?post=9384"}],"curies":[{"name":"wp","href":"https:\/\/api.w.org\/{rel}","templated":true}]}}