{"id":9293,"date":"2024-03-06T20:46:42","date_gmt":"2024-03-06T19:46:42","guid":{"rendered":"https:\/\/www.promotio.sk\/shop\/uncategorized\/bordel\/"},"modified":"2024-03-06T20:47:40","modified_gmt":"2024-03-06T19:47:40","slug":"bordel","status":"publish","type":"product","link":"https:\/\/www.promotio.sk\/cs\/shop\/promo-items\/kitchen\/cheese_wine\/bordel\/","title":{"rendered":"BORDEL"},"content":{"rendered":"<p>The wooden wine bottle case is the perfect complement to transport and present the wine bottle in an elegant way. Made of wood, this case offers safe protection and a sophisticated look.<br \/>\nThe case has a special design that includes a wine set presented on the lid. This set consists of stainless steel accessories, such as a corkscrew with a capsule cutter, a dispenser, a stopper and a drip ring. These elements provide all the necessary tools to open and enjoy the bottle of wine with ease.<br \/>\nThe inside of the case is padded to ensure the safety and stability of the bottle during transport. In addition, the wood used in its manufacture offers additional protection against impacts and changes in temperature.<br \/>\nThis presentation also makes it an ideal gift for wine lovers and wine experiences.<br \/>Slo\u017een\u00ed: Madera<br \/>Pozn\u00e1mky: Presentaci\u00f3n en caja dise\u00f1o eco.<\/p>","protected":false},"excerpt":{"rendered":"<p>The wooden wine bottle case is the perfect complement to transport and present the wine bottle in an elegant way.<\/p>","protected":false},"featured_media":9294,"comment_status":"open","ping_status":"closed","template":"","meta":[],"product_cat":[30,245],"product_tag":[],"class_list":{"0":"post-9293","1":"product","2":"type-product","3":"status-publish","4":"has-post-thumbnail","6":"product_cat-cheese_wine","7":"product_cat-kitchen","9":"first","10":"instock","11":"shipping-taxable","12":"purchasable","13":"product-type-variable"},"_links":{"self":[{"href":"https:\/\/www.promotio.sk\/cs\/wp-json\/wp\/v2\/product\/9293","targetHints":{"allow":["GET"]}}],"collection":[{"href":"https:\/\/www.promotio.sk\/cs\/wp-json\/wp\/v2\/product"}],"about":[{"href":"https:\/\/www.promotio.sk\/cs\/wp-json\/wp\/v2\/types\/product"}],"replies":[{"embeddable":true,"href":"https:\/\/www.promotio.sk\/cs\/wp-json\/wp\/v2\/comments?post=9293"}],"wp:featuredmedia":[{"embeddable":true,"href":"https:\/\/www.promotio.sk\/cs\/wp-json\/wp\/v2\/media\/9294"}],"wp:attachment":[{"href":"https:\/\/www.promotio.sk\/cs\/wp-json\/wp\/v2\/media?parent=9293"}],"wp:term":[{"taxonomy":"product_cat","embeddable":true,"href":"https:\/\/www.promotio.sk\/cs\/wp-json\/wp\/v2\/product_cat?post=9293"},{"taxonomy":"product_tag","embeddable":true,"href":"https:\/\/www.promotio.sk\/cs\/wp-json\/wp\/v2\/product_tag?post=9293"}],"curies":[{"name":"wp","href":"https:\/\/api.w.org\/{rel}","templated":true}]}}