{"id":9219,"date":"2024-03-06T20:32:35","date_gmt":"2024-03-06T19:32:35","guid":{"rendered":"https:\/\/www.promotio.sk\/shop\/uncategorized\/ardenes\/"},"modified":"2024-03-06T20:33:59","modified_gmt":"2024-03-06T19:33:59","slug":"ardenes","status":"publish","type":"product","link":"https:\/\/www.promotio.sk\/cs\/shop\/promo-items\/writing_office\/pens\/ardenes\/","title":{"rendered":"ARD\u00c9NY"},"content":{"rendered":"<p>Kuli\u010dkov\u00e9 pero s hlin\u00edkov\u00fdm t\u011blem a tla\u010d\u00edtkem v eloxovan\u00e9m proveden\u00ed. Jumbo n\u00e1pl\u0148 s modr\u00fdm inkoustem.<br \/>Slo\u017een\u00ed: Hlin\u00edkov\u00e9 t\u011blo.<\/p>","protected":false},"excerpt":{"rendered":"<p>Ballpoint pen with aluminium body and push button in anodized finish. Jumbo refill in blue ink.Composition: Aluminium body.<\/p>","protected":false},"featured_media":9220,"comment_status":"open","ping_status":"closed","template":"","meta":[],"product_cat":[205,39],"product_tag":[],"class_list":{"0":"post-9219","1":"product","2":"type-product","3":"status-publish","4":"has-post-thumbnail","6":"product_cat-pens","7":"product_cat-writing_office","9":"first","10":"instock","11":"shipping-taxable","12":"purchasable","13":"product-type-variable"},"_links":{"self":[{"href":"https:\/\/www.promotio.sk\/cs\/wp-json\/wp\/v2\/product\/9219","targetHints":{"allow":["GET"]}}],"collection":[{"href":"https:\/\/www.promotio.sk\/cs\/wp-json\/wp\/v2\/product"}],"about":[{"href":"https:\/\/www.promotio.sk\/cs\/wp-json\/wp\/v2\/types\/product"}],"replies":[{"embeddable":true,"href":"https:\/\/www.promotio.sk\/cs\/wp-json\/wp\/v2\/comments?post=9219"}],"wp:featuredmedia":[{"embeddable":true,"href":"https:\/\/www.promotio.sk\/cs\/wp-json\/wp\/v2\/media\/9220"}],"wp:attachment":[{"href":"https:\/\/www.promotio.sk\/cs\/wp-json\/wp\/v2\/media?parent=9219"}],"wp:term":[{"taxonomy":"product_cat","embeddable":true,"href":"https:\/\/www.promotio.sk\/cs\/wp-json\/wp\/v2\/product_cat?post=9219"},{"taxonomy":"product_tag","embeddable":true,"href":"https:\/\/www.promotio.sk\/cs\/wp-json\/wp\/v2\/product_tag?post=9219"}],"curies":[{"name":"wp","href":"https:\/\/api.w.org\/{rel}","templated":true}]}}