{"id":8986,"date":"2024-03-06T20:10:25","date_gmt":"2024-03-06T19:10:25","guid":{"rendered":"https:\/\/www.promotio.sk\/shop\/uncategorized\/set-paulov\/"},"modified":"2024-03-06T20:10:57","modified_gmt":"2024-03-06T19:10:57","slug":"set-paulov","status":"publish","type":"product","link":"https:\/\/www.promotio.sk\/cs\/shop\/promo-items\/writing_office\/pens\/set-paulov\/","title":{"rendered":"SET PAULOV"},"content":{"rendered":"<p>Ball pen and keyring set in bamboo with metallic details. Blue ink. Presentation in eco case.<br \/>Slo\u017een\u00ed: Bamb\u00fa<br \/>Remarks: Presentaci\u00f3n en estuche eco.<\/p>","protected":false},"excerpt":{"rendered":"<p>Ball pen and keyring set in bamboo with metallic details. Blue ink. Presentation in eco case.Composition: Bamb\u00faRemarks: Presentaci\u00f3n en estuche<\/p>","protected":false},"featured_media":8987,"comment_status":"open","ping_status":"closed","template":"","meta":[],"product_cat":[205,39],"product_tag":[],"class_list":{"0":"post-8986","1":"product","2":"type-product","3":"status-publish","4":"has-post-thumbnail","6":"product_cat-pens","7":"product_cat-writing_office","9":"first","10":"instock","11":"shipping-taxable","12":"purchasable","13":"product-type-variable"},"_links":{"self":[{"href":"https:\/\/www.promotio.sk\/cs\/wp-json\/wp\/v2\/product\/8986","targetHints":{"allow":["GET"]}}],"collection":[{"href":"https:\/\/www.promotio.sk\/cs\/wp-json\/wp\/v2\/product"}],"about":[{"href":"https:\/\/www.promotio.sk\/cs\/wp-json\/wp\/v2\/types\/product"}],"replies":[{"embeddable":true,"href":"https:\/\/www.promotio.sk\/cs\/wp-json\/wp\/v2\/comments?post=8986"}],"wp:featuredmedia":[{"embeddable":true,"href":"https:\/\/www.promotio.sk\/cs\/wp-json\/wp\/v2\/media\/8987"}],"wp:attachment":[{"href":"https:\/\/www.promotio.sk\/cs\/wp-json\/wp\/v2\/media?parent=8986"}],"wp:term":[{"taxonomy":"product_cat","embeddable":true,"href":"https:\/\/www.promotio.sk\/cs\/wp-json\/wp\/v2\/product_cat?post=8986"},{"taxonomy":"product_tag","embeddable":true,"href":"https:\/\/www.promotio.sk\/cs\/wp-json\/wp\/v2\/product_tag?post=8986"}],"curies":[{"name":"wp","href":"https:\/\/api.w.org\/{rel}","templated":true}]}}