{"id":8914,"date":"2024-03-06T19:48:17","date_gmt":"2024-03-06T18:48:17","guid":{"rendered":"https:\/\/www.promotio.sk\/shop\/uncategorized\/yasper\/"},"modified":"2024-03-07T09:33:38","modified_gmt":"2024-03-07T08:33:38","slug":"yasper","status":"publish","type":"product","link":"https:\/\/www.promotio.sk\/cs\/shop\/promo-items\/writing_office\/office_accessories\/yasper\/","title":{"rendered":"YASPER"},"content":{"rendered":"<p>Slo\u017eka z recyklovan\u00e9ho kartonu. Odn\u00edmateln\u00fd blok s 20 listy, pero z p\u0161eni\u010dn\u00fdch vl\u00e1ken ve stejn\u00e9 barv\u011b, vnit\u0159n\u00ed kapsa a pouzdro na karty sou\u010d\u00e1st\u00ed balen\u00ed.<br \/>Slo\u017een\u00ed: Cart\u00f3n reciclado<br \/>Pozn\u00e1mky: Odpov\u00eddaj\u00edc\u00ed modr\u00fd inkoust do pera<\/p>","protected":false},"excerpt":{"rendered":"<p>Folder in recycled cardboard. Detachable 20-sheet plain pad, matching pen in wheat fibre, inside pocket and card holder included.Composition: Cart\u00f3n<\/p>","protected":false},"featured_media":8915,"comment_status":"open","ping_status":"closed","template":"","meta":[],"product_cat":[41,39],"product_tag":[],"class_list":{"0":"post-8914","1":"product","2":"type-product","3":"status-publish","4":"has-post-thumbnail","6":"product_cat-office_accessories","7":"product_cat-writing_office","9":"first","10":"instock","11":"shipping-taxable","12":"purchasable","13":"product-type-variable"},"_links":{"self":[{"href":"https:\/\/www.promotio.sk\/cs\/wp-json\/wp\/v2\/product\/8914","targetHints":{"allow":["GET"]}}],"collection":[{"href":"https:\/\/www.promotio.sk\/cs\/wp-json\/wp\/v2\/product"}],"about":[{"href":"https:\/\/www.promotio.sk\/cs\/wp-json\/wp\/v2\/types\/product"}],"replies":[{"embeddable":true,"href":"https:\/\/www.promotio.sk\/cs\/wp-json\/wp\/v2\/comments?post=8914"}],"wp:featuredmedia":[{"embeddable":true,"href":"https:\/\/www.promotio.sk\/cs\/wp-json\/wp\/v2\/media\/8915"}],"wp:attachment":[{"href":"https:\/\/www.promotio.sk\/cs\/wp-json\/wp\/v2\/media?parent=8914"}],"wp:term":[{"taxonomy":"product_cat","embeddable":true,"href":"https:\/\/www.promotio.sk\/cs\/wp-json\/wp\/v2\/product_cat?post=8914"},{"taxonomy":"product_tag","embeddable":true,"href":"https:\/\/www.promotio.sk\/cs\/wp-json\/wp\/v2\/product_tag?post=8914"}],"curies":[{"name":"wp","href":"https:\/\/api.w.org\/{rel}","templated":true}]}}