{"id":8893,"date":"2024-03-06T19:46:27","date_gmt":"2024-03-06T18:46:27","guid":{"rendered":"https:\/\/www.promotio.sk\/shop\/uncategorized\/solaz\/"},"modified":"2024-03-07T09:34:13","modified_gmt":"2024-03-07T08:34:13","slug":"solaz","status":"publish","type":"product","link":"https:\/\/www.promotio.sk\/cs\/shop\/promo-items\/writing_office\/pensils\/solaz\/","title":{"rendered":"SOLAZ"},"content":{"rendered":"<p>D\u011btsk\u00fd pen\u00e1l z netkan\u00e9 textilie s motivem na vybarvov\u00e1n\u00ed. Sou\u010d\u00e1st\u00ed balen\u00ed je 5 pastelek v r\u016fzn\u00fdch barv\u00e1ch. <br \/>Slo\u017een\u00ed: Netkan\u00e1 textilie<\/p>","protected":false},"excerpt":{"rendered":"<p>Pencil case in non-woven for kids, with design for colouring. 5 crayons in assorted colours included. Composition: Non-woven<\/p>","protected":false},"featured_media":8894,"comment_status":"open","ping_status":"closed","template":"","meta":[],"product_cat":[270,39],"product_tag":[],"class_list":{"0":"post-8893","1":"product","2":"type-product","3":"status-publish","4":"has-post-thumbnail","6":"product_cat-pensils","7":"product_cat-writing_office","9":"first","10":"instock","11":"shipping-taxable","12":"purchasable","13":"product-type-variable"},"_links":{"self":[{"href":"https:\/\/www.promotio.sk\/cs\/wp-json\/wp\/v2\/product\/8893","targetHints":{"allow":["GET"]}}],"collection":[{"href":"https:\/\/www.promotio.sk\/cs\/wp-json\/wp\/v2\/product"}],"about":[{"href":"https:\/\/www.promotio.sk\/cs\/wp-json\/wp\/v2\/types\/product"}],"replies":[{"embeddable":true,"href":"https:\/\/www.promotio.sk\/cs\/wp-json\/wp\/v2\/comments?post=8893"}],"wp:featuredmedia":[{"embeddable":true,"href":"https:\/\/www.promotio.sk\/cs\/wp-json\/wp\/v2\/media\/8894"}],"wp:attachment":[{"href":"https:\/\/www.promotio.sk\/cs\/wp-json\/wp\/v2\/media?parent=8893"}],"wp:term":[{"taxonomy":"product_cat","embeddable":true,"href":"https:\/\/www.promotio.sk\/cs\/wp-json\/wp\/v2\/product_cat?post=8893"},{"taxonomy":"product_tag","embeddable":true,"href":"https:\/\/www.promotio.sk\/cs\/wp-json\/wp\/v2\/product_tag?post=8893"}],"curies":[{"name":"wp","href":"https:\/\/api.w.org\/{rel}","templated":true}]}}