{"id":8803,"date":"2024-03-06T19:38:16","date_gmt":"2024-03-06T18:38:16","guid":{"rendered":"https:\/\/www.promotio.sk\/shop\/uncategorized\/sunte\/"},"modified":"2024-03-06T19:39:40","modified_gmt":"2024-03-06T18:39:40","slug":"sunte","status":"publish","type":"product","link":"https:\/\/www.promotio.sk\/cs\/shop\/promo-items\/writing_office\/office_accessories\/sunte\/","title":{"rendered":"SUNTE"},"content":{"rendered":"<p>Pen\u00e1l vyroben\u00fd z RPET materi\u00e1lu s odpov\u00eddaj\u00edc\u00edm zipem je praktickou a udr\u017eitelnou volbou pro organizaci a p\u0159epravu va\u0161ich osobn\u00edch v\u011bc\u00ed. Materi\u00e1l RPET, kter\u00fd poch\u00e1z\u00ed z recyklovan\u00fdch plastov\u00fdch lahv\u00ed, je ekologickou alternativou, kter\u00e1 p\u0159isp\u00edv\u00e1 ke sni\u017eov\u00e1n\u00ed odpadu a p\u00e9\u010di o \u017eivotn\u00ed prost\u0159ed\u00ed.<br \/>\nPen\u00e1l m\u00e1 slad\u011bn\u00fd zip, kter\u00fd zaji\u0161\u0165uje bezpe\u010dn\u00e9 uzav\u0159en\u00ed a snadn\u00fd p\u0159\u00edstup k jeho obsahu. Zip se hladce zasouv\u00e1 bez zasek\u00e1v\u00e1n\u00ed, co\u017e poskytuje pohodl\u00ed p\u0159i ka\u017edodenn\u00edm pou\u017e\u00edv\u00e1n\u00ed.<br \/>\nD\u00edky sv\u00e9mu prostorn\u00e9mu a funk\u010dn\u00edmu designu v\u00e1m tento pen\u00e1l umo\u017e\u0148uje ukl\u00e1dat a organizovat pera, tu\u017eky, gumy, sponky nebo jin\u00e9 drobn\u00e9 p\u0159edm\u011bty, kter\u00e9 si pot\u0159ebujete vz\u00edt s sebou. A\u0165 u\u017e ve \u0161kole, v kancel\u00e1\u0159i nebo na cest\u00e1ch, tento pen\u00e1l v\u00e1m pom\u016f\u017ee udr\u017eet va\u0161e v\u011bci uklizen\u00e9 a chr\u00e1n\u011bn\u00e9.<br \/>\nKrom\u011b sv\u00e9 funk\u010dnosti odr\u00e1\u017e\u00ed pen\u00e1l vyroben\u00fd z RPET s odpov\u00eddaj\u00edc\u00edm zipem tak\u00e9 v\u00e1\u0161 z\u00e1vazek k p\u00e9\u010di o \u017eivotn\u00ed prost\u0159ed\u00ed. V\u00fdb\u011brem produktu vyroben\u00e9ho z recyklovan\u00fdch materi\u00e1l\u016f aktivn\u011b p\u0159isp\u00edv\u00e1te ke sni\u017eov\u00e1n\u00ed plastov\u00e9ho odpadu a k podpo\u0159e udr\u017eiteln\u011bj\u0161\u00edch postup\u016f.<br \/>Slo\u017een\u00ed: RPET<\/p>","protected":false},"excerpt":{"rendered":"<p>Pencil case made of RPET material with matching zip, it is a practical and sustainable option to organize and transport<\/p>","protected":false},"featured_media":8804,"comment_status":"open","ping_status":"closed","template":"","meta":[],"product_cat":[41,39],"product_tag":[],"class_list":{"0":"post-8803","1":"product","2":"type-product","3":"status-publish","4":"has-post-thumbnail","6":"product_cat-office_accessories","7":"product_cat-writing_office","9":"first","10":"instock","11":"shipping-taxable","12":"purchasable","13":"product-type-variable"},"_links":{"self":[{"href":"https:\/\/www.promotio.sk\/cs\/wp-json\/wp\/v2\/product\/8803","targetHints":{"allow":["GET"]}}],"collection":[{"href":"https:\/\/www.promotio.sk\/cs\/wp-json\/wp\/v2\/product"}],"about":[{"href":"https:\/\/www.promotio.sk\/cs\/wp-json\/wp\/v2\/types\/product"}],"replies":[{"embeddable":true,"href":"https:\/\/www.promotio.sk\/cs\/wp-json\/wp\/v2\/comments?post=8803"}],"wp:featuredmedia":[{"embeddable":true,"href":"https:\/\/www.promotio.sk\/cs\/wp-json\/wp\/v2\/media\/8804"}],"wp:attachment":[{"href":"https:\/\/www.promotio.sk\/cs\/wp-json\/wp\/v2\/media?parent=8803"}],"wp:term":[{"taxonomy":"product_cat","embeddable":true,"href":"https:\/\/www.promotio.sk\/cs\/wp-json\/wp\/v2\/product_cat?post=8803"},{"taxonomy":"product_tag","embeddable":true,"href":"https:\/\/www.promotio.sk\/cs\/wp-json\/wp\/v2\/product_tag?post=8803"}],"curies":[{"name":"wp","href":"https:\/\/api.w.org\/{rel}","templated":true}]}}