{"id":8764,"date":"2024-03-06T19:32:59","date_gmt":"2024-03-06T18:32:59","guid":{"rendered":"https:\/\/www.promotio.sk\/shop\/uncategorized\/medus\/"},"modified":"2024-03-06T19:33:32","modified_gmt":"2024-03-06T18:33:32","slug":"medus","status":"publish","type":"product","link":"https:\/\/www.promotio.sk\/cs\/shop\/promo-items\/writing_office\/diaries_calendars\/medus\/","title":{"rendered":"MEDUS"},"content":{"rendered":"<p>Perpetual table calendar made of bamboo, formed of one stand and four engraved blocks.<br \/>Slo\u017een\u00ed: Bambus<br \/>Pozn\u00e1mky: Balen\u00ed v ekologick\u00e9 krabi\u010dce.<\/p>","protected":false},"excerpt":{"rendered":"<p>Perpetual table calendar made of bamboo, formed of one stand and four engraved blocks.Composition: BambooRemarks: Presentation in eco box.<\/p>","protected":false},"featured_media":8765,"comment_status":"open","ping_status":"closed","template":"","meta":[],"product_cat":[204,39],"product_tag":[],"class_list":{"0":"post-8764","1":"product","2":"type-product","3":"status-publish","4":"has-post-thumbnail","6":"product_cat-diaries_calendars","7":"product_cat-writing_office","9":"first","10":"instock","11":"shipping-taxable","12":"purchasable","13":"product-type-variable"},"_links":{"self":[{"href":"https:\/\/www.promotio.sk\/cs\/wp-json\/wp\/v2\/product\/8764","targetHints":{"allow":["GET"]}}],"collection":[{"href":"https:\/\/www.promotio.sk\/cs\/wp-json\/wp\/v2\/product"}],"about":[{"href":"https:\/\/www.promotio.sk\/cs\/wp-json\/wp\/v2\/types\/product"}],"replies":[{"embeddable":true,"href":"https:\/\/www.promotio.sk\/cs\/wp-json\/wp\/v2\/comments?post=8764"}],"wp:featuredmedia":[{"embeddable":true,"href":"https:\/\/www.promotio.sk\/cs\/wp-json\/wp\/v2\/media\/8765"}],"wp:attachment":[{"href":"https:\/\/www.promotio.sk\/cs\/wp-json\/wp\/v2\/media?parent=8764"}],"wp:term":[{"taxonomy":"product_cat","embeddable":true,"href":"https:\/\/www.promotio.sk\/cs\/wp-json\/wp\/v2\/product_cat?post=8764"},{"taxonomy":"product_tag","embeddable":true,"href":"https:\/\/www.promotio.sk\/cs\/wp-json\/wp\/v2\/product_tag?post=8764"}],"curies":[{"name":"wp","href":"https:\/\/api.w.org\/{rel}","templated":true}]}}