{"id":8741,"date":"2024-03-06T19:31:06","date_gmt":"2024-03-06T18:31:06","guid":{"rendered":"https:\/\/www.promotio.sk\/shop\/uncategorized\/vespula\/"},"modified":"2024-03-06T19:31:28","modified_gmt":"2024-03-06T18:31:28","slug":"vespula","status":"publish","type":"product","link":"https:\/\/www.promotio.sk\/cs\/shop\/promo-items\/writing_office\/office_accessories\/vespula\/","title":{"rendered":"VESPULA"},"content":{"rendered":"<p>Pouzdro z p\u0159\u00edrodn\u00edho korku s polyesterovou vnit\u0159n\u00ed pod\u0161\u00edvkou a zipem.<br \/>Slo\u017een\u00ed: Korek<\/p>","protected":false},"excerpt":{"rendered":"<p>Natural cork case with polyester inner lining and zip.Composition: Cork<\/p>","protected":false},"featured_media":8742,"comment_status":"open","ping_status":"closed","template":"","meta":[],"product_cat":[41,39],"product_tag":[],"class_list":{"0":"post-8741","1":"product","2":"type-product","3":"status-publish","4":"has-post-thumbnail","6":"product_cat-office_accessories","7":"product_cat-writing_office","9":"first","10":"instock","11":"shipping-taxable","12":"purchasable","13":"product-type-variable"},"_links":{"self":[{"href":"https:\/\/www.promotio.sk\/cs\/wp-json\/wp\/v2\/product\/8741","targetHints":{"allow":["GET"]}}],"collection":[{"href":"https:\/\/www.promotio.sk\/cs\/wp-json\/wp\/v2\/product"}],"about":[{"href":"https:\/\/www.promotio.sk\/cs\/wp-json\/wp\/v2\/types\/product"}],"replies":[{"embeddable":true,"href":"https:\/\/www.promotio.sk\/cs\/wp-json\/wp\/v2\/comments?post=8741"}],"wp:featuredmedia":[{"embeddable":true,"href":"https:\/\/www.promotio.sk\/cs\/wp-json\/wp\/v2\/media\/8742"}],"wp:attachment":[{"href":"https:\/\/www.promotio.sk\/cs\/wp-json\/wp\/v2\/media?parent=8741"}],"wp:term":[{"taxonomy":"product_cat","embeddable":true,"href":"https:\/\/www.promotio.sk\/cs\/wp-json\/wp\/v2\/product_cat?post=8741"},{"taxonomy":"product_tag","embeddable":true,"href":"https:\/\/www.promotio.sk\/cs\/wp-json\/wp\/v2\/product_tag?post=8741"}],"curies":[{"name":"wp","href":"https:\/\/api.w.org\/{rel}","templated":true}]}}