{"id":8667,"date":"2024-03-06T19:24:54","date_gmt":"2024-03-06T18:24:54","guid":{"rendered":"https:\/\/www.promotio.sk\/shop\/uncategorized\/chucao\/"},"modified":"2024-03-06T19:25:46","modified_gmt":"2024-03-06T18:25:46","slug":"chucao","status":"publish","type":"product","link":"https:\/\/www.promotio.sk\/cs\/shop\/promo-items\/writing_office\/office_accessories\/chucao\/","title":{"rendered":"CHUCAO"},"content":{"rendered":"<p>Polyester laptop backpack in a heather finish design. Padded shoulder straps, back and handles. Double front compartment and side pockets. <br \/>Composition: 100% polyester, 400 gsm.<br \/>\nOne size: 28 x 43 x 13 cm. 15 litres.<br \/>\n<br \/>Pozn\u00e1mky: *Odn\u00edmateln\u00fd \u0161t\u00edtek.<br \/>\n*Vod\u011bodoln\u00fd.<\/p>","protected":false},"excerpt":{"rendered":"<p>Polyester laptop backpack in a heather finish design. Padded shoulder straps, back and handles. Double front compartment and side pockets.<\/p>","protected":false},"featured_media":8668,"comment_status":"open","ping_status":"closed","template":"","meta":[],"product_cat":[41,39],"product_tag":[],"class_list":{"0":"post-8667","1":"product","2":"type-product","3":"status-publish","4":"has-post-thumbnail","6":"product_cat-office_accessories","7":"product_cat-writing_office","9":"first","10":"instock","11":"shipping-taxable","12":"purchasable","13":"product-type-variable"},"_links":{"self":[{"href":"https:\/\/www.promotio.sk\/cs\/wp-json\/wp\/v2\/product\/8667","targetHints":{"allow":["GET"]}}],"collection":[{"href":"https:\/\/www.promotio.sk\/cs\/wp-json\/wp\/v2\/product"}],"about":[{"href":"https:\/\/www.promotio.sk\/cs\/wp-json\/wp\/v2\/types\/product"}],"replies":[{"embeddable":true,"href":"https:\/\/www.promotio.sk\/cs\/wp-json\/wp\/v2\/comments?post=8667"}],"wp:featuredmedia":[{"embeddable":true,"href":"https:\/\/www.promotio.sk\/cs\/wp-json\/wp\/v2\/media\/8668"}],"wp:attachment":[{"href":"https:\/\/www.promotio.sk\/cs\/wp-json\/wp\/v2\/media?parent=8667"}],"wp:term":[{"taxonomy":"product_cat","embeddable":true,"href":"https:\/\/www.promotio.sk\/cs\/wp-json\/wp\/v2\/product_cat?post=8667"},{"taxonomy":"product_tag","embeddable":true,"href":"https:\/\/www.promotio.sk\/cs\/wp-json\/wp\/v2\/product_tag?post=8667"}],"curies":[{"name":"wp","href":"https:\/\/api.w.org\/{rel}","templated":true}]}}