{"id":8580,"date":"2024-03-06T19:15:58","date_gmt":"2024-03-06T18:15:58","guid":{"rendered":"https:\/\/www.promotio.sk\/shop\/uncategorized\/kunoy\/"},"modified":"2024-03-06T19:17:33","modified_gmt":"2024-03-06T18:17:33","slug":"kunoy","status":"publish","type":"product","link":"https:\/\/www.promotio.sk\/cs\/shop\/promo-items\/writing_office\/pens\/kunoy\/","title":{"rendered":"KUNOY"},"content":{"rendered":"<p>Reklamn\u00ed zatahovac\u00ed kuli\u010dkov\u00e9 pero se 4 inkousty. T\u011blo z ABS s m\u011bkk\u00fdm barevn\u00fdm \u00fachopem. Modr\u00fd, \u010dern\u00fd, \u010derven\u00fd a zelen\u00fd inkoust.<br \/>\n<br \/>Pozn\u00e1mky: Modr\u00fd, \u010dern\u00fd, \u010derven\u00fd a zelen\u00fd inkoust. <\/p>","protected":false},"excerpt":{"rendered":"<p>Promotional retractable 4-ink ball pen. Body in ABS with soft colour grip. Blue, black, red and green ink. Remarks: Blue,<\/p>","protected":false},"featured_media":8581,"comment_status":"open","ping_status":"closed","template":"","meta":[],"product_cat":[205,39],"product_tag":[],"class_list":{"0":"post-8580","1":"product","2":"type-product","3":"status-publish","4":"has-post-thumbnail","6":"product_cat-pens","7":"product_cat-writing_office","9":"first","10":"instock","11":"shipping-taxable","12":"purchasable","13":"product-type-variable"},"_links":{"self":[{"href":"https:\/\/www.promotio.sk\/cs\/wp-json\/wp\/v2\/product\/8580","targetHints":{"allow":["GET"]}}],"collection":[{"href":"https:\/\/www.promotio.sk\/cs\/wp-json\/wp\/v2\/product"}],"about":[{"href":"https:\/\/www.promotio.sk\/cs\/wp-json\/wp\/v2\/types\/product"}],"replies":[{"embeddable":true,"href":"https:\/\/www.promotio.sk\/cs\/wp-json\/wp\/v2\/comments?post=8580"}],"wp:featuredmedia":[{"embeddable":true,"href":"https:\/\/www.promotio.sk\/cs\/wp-json\/wp\/v2\/media\/8581"}],"wp:attachment":[{"href":"https:\/\/www.promotio.sk\/cs\/wp-json\/wp\/v2\/media?parent=8580"}],"wp:term":[{"taxonomy":"product_cat","embeddable":true,"href":"https:\/\/www.promotio.sk\/cs\/wp-json\/wp\/v2\/product_cat?post=8580"},{"taxonomy":"product_tag","embeddable":true,"href":"https:\/\/www.promotio.sk\/cs\/wp-json\/wp\/v2\/product_tag?post=8580"}],"curies":[{"name":"wp","href":"https:\/\/api.w.org\/{rel}","templated":true}]}}