{"id":8491,"date":"2024-03-06T19:05:40","date_gmt":"2024-03-06T18:05:40","guid":{"rendered":"https:\/\/www.promotio.sk\/shop\/uncategorized\/alder\/"},"modified":"2024-03-06T19:07:12","modified_gmt":"2024-03-06T18:07:12","slug":"alder","status":"publish","type":"product","link":"https:\/\/www.promotio.sk\/cs\/shop\/promo-items\/writing_office\/pens\/alder\/","title":{"rendered":"OL\u0160E"},"content":{"rendered":"<p>Kuli\u010dkov\u00e9 pero s t\u011blem z recyklovan\u00e9ho kartonu a PLA. <br \/>Slo\u017een\u00ed: Recyklovan\u00fd karton.<br \/>Pozn\u00e1mky: Modr\u00fd inkoust.<\/p>","protected":false},"excerpt":{"rendered":"<p>Ball pen with body in recycled cardboard and PLA. Composition: Recycled cardboard.Remarks: Blue ink.<\/p>","protected":false},"featured_media":8492,"comment_status":"open","ping_status":"closed","template":"","meta":[],"product_cat":[205,39],"product_tag":[],"class_list":{"0":"post-8491","1":"product","2":"type-product","3":"status-publish","4":"has-post-thumbnail","6":"product_cat-pens","7":"product_cat-writing_office","9":"first","10":"instock","11":"shipping-taxable","12":"purchasable","13":"product-type-variable"},"_links":{"self":[{"href":"https:\/\/www.promotio.sk\/cs\/wp-json\/wp\/v2\/product\/8491","targetHints":{"allow":["GET"]}}],"collection":[{"href":"https:\/\/www.promotio.sk\/cs\/wp-json\/wp\/v2\/product"}],"about":[{"href":"https:\/\/www.promotio.sk\/cs\/wp-json\/wp\/v2\/types\/product"}],"replies":[{"embeddable":true,"href":"https:\/\/www.promotio.sk\/cs\/wp-json\/wp\/v2\/comments?post=8491"}],"wp:featuredmedia":[{"embeddable":true,"href":"https:\/\/www.promotio.sk\/cs\/wp-json\/wp\/v2\/media\/8492"}],"wp:attachment":[{"href":"https:\/\/www.promotio.sk\/cs\/wp-json\/wp\/v2\/media?parent=8491"}],"wp:term":[{"taxonomy":"product_cat","embeddable":true,"href":"https:\/\/www.promotio.sk\/cs\/wp-json\/wp\/v2\/product_cat?post=8491"},{"taxonomy":"product_tag","embeddable":true,"href":"https:\/\/www.promotio.sk\/cs\/wp-json\/wp\/v2\/product_tag?post=8491"}],"curies":[{"name":"wp","href":"https:\/\/api.w.org\/{rel}","templated":true}]}}