{"id":8191,"date":"2024-03-06T18:39:46","date_gmt":"2024-03-06T17:39:46","guid":{"rendered":"https:\/\/www.promotio.sk\/shop\/uncategorized\/tombol\/"},"modified":"2024-03-06T18:40:20","modified_gmt":"2024-03-06T17:40:20","slug":"tombol","status":"publish","type":"product","link":"https:\/\/www.promotio.sk\/cs\/shop\/promo-items\/writing_office\/pens\/tombol\/","title":{"rendered":"TOMBOL"},"content":{"rendered":"<p>Ball and roller pen set with main structure in recycled leather, twist mechanism and metallic details. Blue ink. <br \/>Composition: Piel reciclada.<br \/>Pozn\u00e1mky: Balen\u00ed v ekologick\u00e9 krabi\u010dce.<\/p>","protected":false},"excerpt":{"rendered":"<p>Ball and roller pen set with main structure in recycled leather, twist mechanism and metallic details. Blue ink. Composition: Piel<\/p>","protected":false},"featured_media":8192,"comment_status":"open","ping_status":"closed","template":"","meta":[],"product_cat":[205,39],"product_tag":[],"class_list":{"0":"post-8191","1":"product","2":"type-product","3":"status-publish","4":"has-post-thumbnail","6":"product_cat-pens","7":"product_cat-writing_office","9":"first","10":"instock","11":"shipping-taxable","12":"purchasable","13":"product-type-variable"},"_links":{"self":[{"href":"https:\/\/www.promotio.sk\/cs\/wp-json\/wp\/v2\/product\/8191","targetHints":{"allow":["GET"]}}],"collection":[{"href":"https:\/\/www.promotio.sk\/cs\/wp-json\/wp\/v2\/product"}],"about":[{"href":"https:\/\/www.promotio.sk\/cs\/wp-json\/wp\/v2\/types\/product"}],"replies":[{"embeddable":true,"href":"https:\/\/www.promotio.sk\/cs\/wp-json\/wp\/v2\/comments?post=8191"}],"wp:featuredmedia":[{"embeddable":true,"href":"https:\/\/www.promotio.sk\/cs\/wp-json\/wp\/v2\/media\/8192"}],"wp:attachment":[{"href":"https:\/\/www.promotio.sk\/cs\/wp-json\/wp\/v2\/media?parent=8191"}],"wp:term":[{"taxonomy":"product_cat","embeddable":true,"href":"https:\/\/www.promotio.sk\/cs\/wp-json\/wp\/v2\/product_cat?post=8191"},{"taxonomy":"product_tag","embeddable":true,"href":"https:\/\/www.promotio.sk\/cs\/wp-json\/wp\/v2\/product_tag?post=8191"}],"curies":[{"name":"wp","href":"https:\/\/api.w.org\/{rel}","templated":true}]}}