{"id":8143,"date":"2024-03-06T18:35:41","date_gmt":"2024-03-06T17:35:41","guid":{"rendered":"https:\/\/www.promotio.sk\/shop\/uncategorized\/dekel\/"},"modified":"2024-03-06T18:36:52","modified_gmt":"2024-03-06T17:36:52","slug":"dekel","status":"publish","type":"product","link":"https:\/\/www.promotio.sk\/cs\/shop\/promo-items\/writing_office\/pens\/dekel\/","title":{"rendered":"DEKEL"},"content":{"rendered":"<p>Kovov\u00e9 pero s bambusov\u00fdm \u00fachopem kombinuje eleganci kovu s teplem a p\u0159irozenou kr\u00e1sou bambusu. Toto pero nab\u00edz\u00ed dokonalou rovnov\u00e1hu mezi stylem a funk\u010dnost\u00ed.<br \/>\nKovov\u00e9 t\u011blo mu dod\u00e1v\u00e1 sofistikovan\u00fd a odoln\u00fd vzhled, zat\u00edmco bambusov\u00e1 rukoje\u0165 dod\u00e1v\u00e1 jedine\u010dn\u00fd a p\u0159irozen\u00fd n\u00e1dech. Kombinace t\u011bchto materi\u00e1l\u016f vytv\u00e1\u0159\u00ed vizu\u00e1ln\u011b p\u0159ita\u017eliv\u00fd kontrast a pohodl\u00ed p\u0159i psan\u00ed.<br \/>\nKrom\u011b funkce pera je tento n\u00e1stroj vybaven dotykov\u00fdm ukazatelem na opa\u010dn\u00e9m konci. Dotykov\u00e9 ukazov\u00e1tko v\u00e1m umo\u017e\u0148uje p\u0159esnou interakci se za\u0159\u00edzen\u00edmi s dotykovou obrazovkou, jako jsou chytr\u00e9 telefony nebo tablety, zabra\u0148uje necht\u011bn\u00fdm otisk\u016fm prst\u016f na obrazovce a poskytuje v\u00e1m v\u011bt\u0161\u00ed kontrolu.<br \/>\nVysoce kvalitn\u00ed modr\u00fd inkoust poskytuje plynul\u00e9 a \u010diteln\u00e9 psan\u00ed. D\u00edky sv\u00e9mu elegantn\u00edmu designu a p\u0159idan\u00e9 funk\u010dnosti je toto pero ide\u00e1ln\u00ed jak pro osobn\u00ed pou\u017eit\u00ed, tak pro d\u00e1rky. Je to ide\u00e1ln\u00ed volba pro ty, kte\u0159\u00ed oce\u0148uj\u00ed estetiku a kvalitu sv\u00fdch psac\u00edch pot\u0159eb.<br \/>Slo\u017een\u00ed: Bamb\u00fa<\/p>","protected":false},"excerpt":{"rendered":"<p>The metal pen with a bamboo grip combines the elegance of metal with the warmth and natural beauty of bamboo.<\/p>","protected":false},"featured_media":8144,"comment_status":"open","ping_status":"closed","template":"","meta":[],"product_cat":[205,39],"product_tag":[],"class_list":{"0":"post-8143","1":"product","2":"type-product","3":"status-publish","4":"has-post-thumbnail","6":"product_cat-pens","7":"product_cat-writing_office","9":"first","10":"instock","11":"shipping-taxable","12":"purchasable","13":"product-type-variable"},"_links":{"self":[{"href":"https:\/\/www.promotio.sk\/cs\/wp-json\/wp\/v2\/product\/8143","targetHints":{"allow":["GET"]}}],"collection":[{"href":"https:\/\/www.promotio.sk\/cs\/wp-json\/wp\/v2\/product"}],"about":[{"href":"https:\/\/www.promotio.sk\/cs\/wp-json\/wp\/v2\/types\/product"}],"replies":[{"embeddable":true,"href":"https:\/\/www.promotio.sk\/cs\/wp-json\/wp\/v2\/comments?post=8143"}],"wp:featuredmedia":[{"embeddable":true,"href":"https:\/\/www.promotio.sk\/cs\/wp-json\/wp\/v2\/media\/8144"}],"wp:attachment":[{"href":"https:\/\/www.promotio.sk\/cs\/wp-json\/wp\/v2\/media?parent=8143"}],"wp:term":[{"taxonomy":"product_cat","embeddable":true,"href":"https:\/\/www.promotio.sk\/cs\/wp-json\/wp\/v2\/product_cat?post=8143"},{"taxonomy":"product_tag","embeddable":true,"href":"https:\/\/www.promotio.sk\/cs\/wp-json\/wp\/v2\/product_tag?post=8143"}],"curies":[{"name":"wp","href":"https:\/\/api.w.org\/{rel}","templated":true}]}}