{"id":8119,"date":"2024-03-06T18:33:48","date_gmt":"2024-03-06T17:33:48","guid":{"rendered":"https:\/\/www.promotio.sk\/shop\/uncategorized\/borux\/"},"modified":"2024-03-06T18:35:05","modified_gmt":"2024-03-06T17:35:05","slug":"borux","status":"publish","type":"product","link":"https:\/\/www.promotio.sk\/cs\/shop\/promo-items\/writing_office\/pens\/borux\/","title":{"rendered":"BORUX"},"content":{"rendered":"<p>Pero s hlin\u00edkov\u00fdm t\u011blem a bambusovou rukojet\u00ed nab\u00edz\u00ed jedine\u010dnou kombinaci odolnosti a elegance. Hlin\u00edkov\u00e9 t\u011blo poskytuje pevnost a lehkost, zat\u00edmco bambusov\u00e1 rukoje\u0165 dod\u00e1v\u00e1 peru p\u0159irozen\u00fd a sofistikovan\u00fd vzhled.<br \/>\nD\u00edky eloxovan\u00e9mu tla\u010d\u00edtku je toto pero ovladateln\u00e9 a spolehliv\u011b. Jednodu\u0161e stiskn\u011bte tla\u010d\u00edtko pro rozlo\u017een\u00ed hrotu a m\u016f\u017eete za\u010d\u00edt ps\u00e1t.<br \/>\nVysoce kvalitn\u00ed modr\u00fd inkoust zaji\u0161\u0165uje plynul\u00e9 a \u010diteln\u00e9 psan\u00ed. A\u0165 u\u017e si d\u011bl\u00e1te pozn\u00e1mky, p\u00ed\u0161ete dokumenty nebo vyjad\u0159ujete sv\u00e9 my\u0161lenky, toto pero zaru\u010d\u00ed ostr\u00e9 a jasn\u00e9 v\u00fdsledky.<br \/>\nPe\u010dliv\u011b propracovan\u00fd design tohoto pera z n\u011bj \u010din\u00ed ide\u00e1ln\u00ed volbu pro d\u00e1rky nebo osobn\u00ed pou\u017eit\u00ed. Spojuje pevnost hlin\u00edku s kr\u00e1sou bambusu a vytv\u00e1\u0159\u00ed tak modern\u00ed a sofistikovan\u00fd vzhled.<br \/>\nA\u0165 u\u017e v pr\u00e1ci, ve \u0161kole nebo v jak\u00e9koli ka\u017edodenn\u00ed situaci, toto pero v\u00e1m poskytne styl i funk\u010dnost. Je perfektn\u00ed volbou pro ty, kte\u0159\u00ed oce\u0148uj\u00ed kvalitu, design a udr\u017eitelnost.<br \/>Slo\u017een\u00ed: Aluminio y bamb\u00fa<\/p>","protected":false},"excerpt":{"rendered":"<p>The pen with an aluminium body and bamboo grip offers a unique combination of durability and elegance. The aluminium body<\/p>","protected":false},"featured_media":8120,"comment_status":"open","ping_status":"closed","template":"","meta":[],"product_cat":[205,39],"product_tag":[],"class_list":{"0":"post-8119","1":"product","2":"type-product","3":"status-publish","4":"has-post-thumbnail","6":"product_cat-pens","7":"product_cat-writing_office","9":"first","10":"instock","11":"shipping-taxable","12":"purchasable","13":"product-type-variable"},"_links":{"self":[{"href":"https:\/\/www.promotio.sk\/cs\/wp-json\/wp\/v2\/product\/8119","targetHints":{"allow":["GET"]}}],"collection":[{"href":"https:\/\/www.promotio.sk\/cs\/wp-json\/wp\/v2\/product"}],"about":[{"href":"https:\/\/www.promotio.sk\/cs\/wp-json\/wp\/v2\/types\/product"}],"replies":[{"embeddable":true,"href":"https:\/\/www.promotio.sk\/cs\/wp-json\/wp\/v2\/comments?post=8119"}],"wp:featuredmedia":[{"embeddable":true,"href":"https:\/\/www.promotio.sk\/cs\/wp-json\/wp\/v2\/media\/8120"}],"wp:attachment":[{"href":"https:\/\/www.promotio.sk\/cs\/wp-json\/wp\/v2\/media?parent=8119"}],"wp:term":[{"taxonomy":"product_cat","embeddable":true,"href":"https:\/\/www.promotio.sk\/cs\/wp-json\/wp\/v2\/product_cat?post=8119"},{"taxonomy":"product_tag","embeddable":true,"href":"https:\/\/www.promotio.sk\/cs\/wp-json\/wp\/v2\/product_tag?post=8119"}],"curies":[{"name":"wp","href":"https:\/\/api.w.org\/{rel}","templated":true}]}}